{"id":257,"date":"2023-05-26T20:13:25","date_gmt":"2023-05-26T18:13:25","guid":{"rendered":"https:\/\/vivre-la-vie.ch\/?page_id=257"},"modified":"2024-04-02T09:03:16","modified_gmt":"2024-04-02T07:03:16","slug":"bientot","status":"publish","type":"page","link":"https:\/\/vivre-la-vie.ch\/fr\/","title":{"rendered":"Bienvenue"},"content":{"rendered":"\n<div style=\"height:100px\" aria-hidden=\"true\" class=\"wp-block-spacer\"><\/div>\n\n\n\n<blockquote class=\"wp-block-quote is-layout-flow wp-block-quote-is-layout-flow\">\n<p>Vivre la vie en toute conscience &#8211; un temps (hors) du temps pour soi pour savourer des moments de calme, de d\u00e9tente et de repos.<\/p>\n\n\n\n<p><strong>Bienvenue chez nous au Bed &amp; Breakfast \u00ab\u00a0Vivre-la-Vie\u00a0\u00bb \u00e0 Rocourt.<\/strong><\/p>\n\n\n\n<p>Nous nous r\u00e9jouissons de vous accueillir chez nous et vous souhaitons un agr\u00e9able s\u00e9jour. Si vous avez besoin de plus d&rsquo;informations ou si vous avez des souhaits particuliers, n&rsquo;h\u00e9sitez pas \u00e0 nous le faire savoir.<\/p>\n\n\n\n<p><\/p>\n<\/blockquote>\n\n\n\n<div style=\"height:100px\" aria-hidden=\"true\" class=\"wp-block-spacer\"><\/div>\n\n\n\n<figure class=\"wp-block-gallery has-nested-images columns-default is-cropped wp-block-gallery-1 is-layout-flex wp-block-gallery-is-layout-flex\">\n<figure class=\"wp-block-image size-full\"><img fetchpriority=\"high\" decoding=\"async\" width=\"1280\" height=\"858\" data-id=\"242\" src=\"https:\/\/vivre-la-vie.ch\/wp-content\/uploads\/2023\/05\/jura-hike-5181989_1280.jpg\" alt=\"\" class=\"wp-image-242\" srcset=\"https:\/\/vivre-la-vie.ch\/wp-content\/uploads\/2023\/05\/jura-hike-5181989_1280.jpg 1280w, https:\/\/vivre-la-vie.ch\/wp-content\/uploads\/2023\/05\/jura-hike-5181989_1280-300x201.jpg 300w, https:\/\/vivre-la-vie.ch\/wp-content\/uploads\/2023\/05\/jura-hike-5181989_1280-1024x686.jpg 1024w, https:\/\/vivre-la-vie.ch\/wp-content\/uploads\/2023\/05\/jura-hike-5181989_1280-768x515.jpg 768w\" sizes=\"(max-width: 1280px) 100vw, 1280px\" \/><\/figure>\n\n\n\n<figure class=\"wp-block-image size-large\"><img decoding=\"async\" width=\"1024\" height=\"682\" data-id=\"240\" src=\"https:\/\/vivre-la-vie.ch\/wp-content\/uploads\/2023\/05\/sunrise-6670717_1280-1024x682.jpg\" alt=\"\" class=\"wp-image-240\" srcset=\"https:\/\/vivre-la-vie.ch\/wp-content\/uploads\/2023\/05\/sunrise-6670717_1280-1024x682.jpg 1024w, https:\/\/vivre-la-vie.ch\/wp-content\/uploads\/2023\/05\/sunrise-6670717_1280-300x200.jpg 300w, https:\/\/vivre-la-vie.ch\/wp-content\/uploads\/2023\/05\/sunrise-6670717_1280-768x512.jpg 768w, https:\/\/vivre-la-vie.ch\/wp-content\/uploads\/2023\/05\/sunrise-6670717_1280.jpg 1280w\" sizes=\"(max-width: 1024px) 100vw, 1024px\" \/><\/figure>\n\n\n\n<figure class=\"wp-block-image size-large\"><img decoding=\"async\" width=\"1024\" height=\"694\" data-id=\"243\" src=\"https:\/\/vivre-la-vie.ch\/wp-content\/uploads\/2023\/05\/jura-hike-5181990_1280-1024x694.jpg\" alt=\"\" class=\"wp-image-243\" srcset=\"https:\/\/vivre-la-vie.ch\/wp-content\/uploads\/2023\/05\/jura-hike-5181990_1280-1024x694.jpg 1024w, https:\/\/vivre-la-vie.ch\/wp-content\/uploads\/2023\/05\/jura-hike-5181990_1280-300x203.jpg 300w, https:\/\/vivre-la-vie.ch\/wp-content\/uploads\/2023\/05\/jura-hike-5181990_1280-768x521.jpg 768w, https:\/\/vivre-la-vie.ch\/wp-content\/uploads\/2023\/05\/jura-hike-5181990_1280.jpg 1280w\" sizes=\"(max-width: 1024px) 100vw, 1024px\" \/><\/figure>\n\n\n\n<figure class=\"wp-block-image size-full\"><img loading=\"lazy\" decoding=\"async\" width=\"768\" height=\"1024\" data-id=\"865\" src=\"https:\/\/vivre-la-vie.ch\/wp-content\/uploads\/2024\/01\/IMG-20240122-WA0034.jpg\" alt=\"\" class=\"wp-image-865\" srcset=\"https:\/\/vivre-la-vie.ch\/wp-content\/uploads\/2024\/01\/IMG-20240122-WA0034.jpg 768w, https:\/\/vivre-la-vie.ch\/wp-content\/uploads\/2024\/01\/IMG-20240122-WA0034-225x300.jpg 225w, https:\/\/vivre-la-vie.ch\/wp-content\/uploads\/2024\/01\/IMG-20240122-WA0034-420x560.jpg 420w\" sizes=\"(max-width: 768px) 100vw, 768px\" \/><\/figure>\n\n\n\n<figure class=\"wp-block-image size-full\"><img loading=\"lazy\" decoding=\"async\" width=\"768\" height=\"1024\" data-id=\"806\" src=\"https:\/\/vivre-la-vie.ch\/wp-content\/uploads\/2024\/01\/IMG-20240122-WA0005.jpg\" alt=\"\" class=\"wp-image-806\" srcset=\"https:\/\/vivre-la-vie.ch\/wp-content\/uploads\/2024\/01\/IMG-20240122-WA0005.jpg 768w, https:\/\/vivre-la-vie.ch\/wp-content\/uploads\/2024\/01\/IMG-20240122-WA0005-225x300.jpg 225w, https:\/\/vivre-la-vie.ch\/wp-content\/uploads\/2024\/01\/IMG-20240122-WA0005-420x560.jpg 420w\" sizes=\"(max-width: 768px) 100vw, 768px\" \/><\/figure>\n\n\n\n<figure class=\"wp-block-image size-full\"><img loading=\"lazy\" decoding=\"async\" width=\"768\" height=\"1024\" data-id=\"867\" src=\"https:\/\/vivre-la-vie.ch\/wp-content\/uploads\/2024\/01\/IMG-20240122-WA0035.jpg\" alt=\"\" class=\"wp-image-867\" srcset=\"https:\/\/vivre-la-vie.ch\/wp-content\/uploads\/2024\/01\/IMG-20240122-WA0035.jpg 768w, https:\/\/vivre-la-vie.ch\/wp-content\/uploads\/2024\/01\/IMG-20240122-WA0035-225x300.jpg 225w, https:\/\/vivre-la-vie.ch\/wp-content\/uploads\/2024\/01\/IMG-20240122-WA0035-420x560.jpg 420w\" sizes=\"(max-width: 768px) 100vw, 768px\" \/><\/figure>\n<\/figure>\n\n\n\n<div style=\"height:100px\" aria-hidden=\"true\" class=\"wp-block-spacer\"><\/div>\n","protected":false},"excerpt":{"rendered":"<p>Vivre la vie en toute conscience &#8211; un temps (hors) du temps pour soi pour savourer des moments de calme, de d\u00e9tente et de repos. Bienvenue chez nous au Bed &amp; Breakfast \u00ab\u00a0Vivre-la-Vie\u00a0\u00bb \u00e0 Rocourt. Nous nous r\u00e9jouissons de vous accueillir chez nous et vous souhaitons un agr\u00e9able s\u00e9jour. Si vous avez besoin de plus &hellip; <a href=\"https:\/\/vivre-la-vie.ch\/fr\/\" class=\"more-link\">continuer la lecture <span class=\"screen-reader-text\"> \u00ab\u00a0Bienvenue\u00a0\u00bb<\/span><\/a><\/p>\n","protected":false},"author":1,"featured_media":240,"parent":0,"menu_order":0,"comment_status":"closed","ping_status":"closed","template":"template-full-width-page.php","meta":{"footnotes":""},"class_list":["post-257","page","type-page","status-publish","has-post-thumbnail","hentry"],"yoast_head":"<!-- This site is optimized with the Yoast SEO plugin v27.4 - https:\/\/yoast.com\/product\/yoast-seo-wordpress\/ -->\n<title>Bienvenue - Lebe Dein Leben<\/title>\n<meta name=\"description\" content=\"Bienvenue Lebe Dein Leben\" \/>\n<meta name=\"robots\" content=\"index, follow, max-snippet:-1, max-image-preview:large, max-video-preview:-1\" \/>\n<link rel=\"canonical\" href=\"https:\/\/vivre-la-vie.ch\/fr\/\" \/>\n<meta property=\"og:locale\" content=\"fr_FR\" \/>\n<meta property=\"og:type\" content=\"article\" \/>\n<meta property=\"og:title\" content=\"Bienvenue - Lebe Dein Leben\" \/>\n<meta property=\"og:description\" content=\"Bienvenue Lebe Dein Leben\" \/>\n<meta property=\"og:url\" content=\"https:\/\/vivre-la-vie.ch\/fr\/\" \/>\n<meta property=\"og:site_name\" content=\"Lebe Dein Leben\" \/>\n<meta property=\"article:modified_time\" content=\"2024-04-02T07:03:16+00:00\" \/>\n<meta property=\"og:image\" content=\"https:\/\/vivre-la-vie.ch\/wp-content\/uploads\/2023\/05\/sunrise-6670717_1280.jpg\" \/>\n\t<meta property=\"og:image:width\" content=\"1280\" \/>\n\t<meta property=\"og:image:height\" content=\"853\" \/>\n\t<meta property=\"og:image:type\" content=\"image\/jpeg\" \/>\n<meta name=\"twitter:card\" content=\"summary_large_image\" \/>\n<meta name=\"twitter:label1\" content=\"Dur\u00e9e de lecture estim\u00e9e\" \/>\n\t<meta name=\"twitter:data1\" content=\"2 minutes\" \/>\n<script type=\"application\/ld+json\" class=\"yoast-schema-graph\">{\"@context\":\"https:\\\/\\\/schema.org\",\"@graph\":[{\"@type\":\"WebPage\",\"@id\":\"https:\\\/\\\/vivre-la-vie.ch\\\/fr\\\/\",\"url\":\"https:\\\/\\\/vivre-la-vie.ch\\\/fr\\\/\",\"name\":\"Bienvenue - Lebe Dein Leben\",\"isPartOf\":{\"@id\":\"https:\\\/\\\/vivre-la-vie.ch\\\/fr\\\/#website\"},\"primaryImageOfPage\":{\"@id\":\"https:\\\/\\\/vivre-la-vie.ch\\\/fr\\\/#primaryimage\"},\"image\":{\"@id\":\"https:\\\/\\\/vivre-la-vie.ch\\\/fr\\\/#primaryimage\"},\"thumbnailUrl\":\"https:\\\/\\\/vivre-la-vie.ch\\\/wp-content\\\/uploads\\\/2023\\\/05\\\/sunrise-6670717_1280.jpg\",\"datePublished\":\"2023-05-26T18:13:25+00:00\",\"dateModified\":\"2024-04-02T07:03:16+00:00\",\"description\":\"Bienvenue Lebe Dein Leben\",\"breadcrumb\":{\"@id\":\"https:\\\/\\\/vivre-la-vie.ch\\\/fr\\\/#breadcrumb\"},\"inLanguage\":\"fr-FR\",\"potentialAction\":[{\"@type\":\"ReadAction\",\"target\":[\"https:\\\/\\\/vivre-la-vie.ch\\\/fr\\\/\"]}]},{\"@type\":\"ImageObject\",\"inLanguage\":\"fr-FR\",\"@id\":\"https:\\\/\\\/vivre-la-vie.ch\\\/fr\\\/#primaryimage\",\"url\":\"https:\\\/\\\/vivre-la-vie.ch\\\/wp-content\\\/uploads\\\/2023\\\/05\\\/sunrise-6670717_1280.jpg\",\"contentUrl\":\"https:\\\/\\\/vivre-la-vie.ch\\\/wp-content\\\/uploads\\\/2023\\\/05\\\/sunrise-6670717_1280.jpg\",\"width\":1280,\"height\":853},{\"@type\":\"BreadcrumbList\",\"@id\":\"https:\\\/\\\/vivre-la-vie.ch\\\/fr\\\/#breadcrumb\",\"itemListElement\":[{\"@type\":\"ListItem\",\"position\":1,\"name\":\"Startseite\",\"item\":\"https:\\\/\\\/vivre-la-vie.ch\\\/fr\\\/\"},{\"@type\":\"ListItem\",\"position\":2,\"name\":\"Bienvenue\"}]},{\"@type\":\"WebSite\",\"@id\":\"https:\\\/\\\/vivre-la-vie.ch\\\/fr\\\/#website\",\"url\":\"https:\\\/\\\/vivre-la-vie.ch\\\/fr\\\/\",\"name\":\"Lebe Dein Leben\",\"description\":\"\",\"publisher\":{\"@id\":\"https:\\\/\\\/vivre-la-vie.ch\\\/fr\\\/#organization\"},\"potentialAction\":[{\"@type\":\"SearchAction\",\"target\":{\"@type\":\"EntryPoint\",\"urlTemplate\":\"https:\\\/\\\/vivre-la-vie.ch\\\/fr\\\/?s={search_term_string}\"},\"query-input\":{\"@type\":\"PropertyValueSpecification\",\"valueRequired\":true,\"valueName\":\"search_term_string\"}}],\"inLanguage\":\"fr-FR\"},{\"@type\":\"Organization\",\"@id\":\"https:\\\/\\\/vivre-la-vie.ch\\\/fr\\\/#organization\",\"name\":\"Lebe Dein Leben\",\"url\":\"https:\\\/\\\/vivre-la-vie.ch\\\/fr\\\/\",\"logo\":{\"@type\":\"ImageObject\",\"inLanguage\":\"fr-FR\",\"@id\":\"https:\\\/\\\/vivre-la-vie.ch\\\/fr\\\/#\\\/schema\\\/logo\\\/image\\\/\",\"url\":\"https:\\\/\\\/vivre-la-vie.ch\\\/wp-content\\\/uploads\\\/2023\\\/05\\\/LOGO_gefaerbt.png\",\"contentUrl\":\"https:\\\/\\\/vivre-la-vie.ch\\\/wp-content\\\/uploads\\\/2023\\\/05\\\/LOGO_gefaerbt.png\",\"width\":2745,\"height\":738,\"caption\":\"Lebe Dein Leben\"},\"image\":{\"@id\":\"https:\\\/\\\/vivre-la-vie.ch\\\/fr\\\/#\\\/schema\\\/logo\\\/image\\\/\"}}]}<\/script>\n<!-- \/ Yoast SEO plugin. -->","yoast_head_json":{"title":"Bienvenue - Lebe Dein Leben","description":"Bienvenue Lebe Dein Leben","robots":{"index":"index","follow":"follow","max-snippet":"max-snippet:-1","max-image-preview":"max-image-preview:large","max-video-preview":"max-video-preview:-1"},"canonical":"https:\/\/vivre-la-vie.ch\/fr\/","og_locale":"fr_FR","og_type":"article","og_title":"Bienvenue - Lebe Dein Leben","og_description":"Bienvenue Lebe Dein Leben","og_url":"https:\/\/vivre-la-vie.ch\/fr\/","og_site_name":"Lebe Dein Leben","article_modified_time":"2024-04-02T07:03:16+00:00","og_image":[{"width":1280,"height":853,"url":"https:\/\/vivre-la-vie.ch\/wp-content\/uploads\/2023\/05\/sunrise-6670717_1280.jpg","type":"image\/jpeg"}],"twitter_card":"summary_large_image","twitter_misc":{"Dur\u00e9e de lecture estim\u00e9e":"2 minutes"},"schema":{"@context":"https:\/\/schema.org","@graph":[{"@type":"WebPage","@id":"https:\/\/vivre-la-vie.ch\/fr\/","url":"https:\/\/vivre-la-vie.ch\/fr\/","name":"Bienvenue - Lebe Dein Leben","isPartOf":{"@id":"https:\/\/vivre-la-vie.ch\/fr\/#website"},"primaryImageOfPage":{"@id":"https:\/\/vivre-la-vie.ch\/fr\/#primaryimage"},"image":{"@id":"https:\/\/vivre-la-vie.ch\/fr\/#primaryimage"},"thumbnailUrl":"https:\/\/vivre-la-vie.ch\/wp-content\/uploads\/2023\/05\/sunrise-6670717_1280.jpg","datePublished":"2023-05-26T18:13:25+00:00","dateModified":"2024-04-02T07:03:16+00:00","description":"Bienvenue Lebe Dein Leben","breadcrumb":{"@id":"https:\/\/vivre-la-vie.ch\/fr\/#breadcrumb"},"inLanguage":"fr-FR","potentialAction":[{"@type":"ReadAction","target":["https:\/\/vivre-la-vie.ch\/fr\/"]}]},{"@type":"ImageObject","inLanguage":"fr-FR","@id":"https:\/\/vivre-la-vie.ch\/fr\/#primaryimage","url":"https:\/\/vivre-la-vie.ch\/wp-content\/uploads\/2023\/05\/sunrise-6670717_1280.jpg","contentUrl":"https:\/\/vivre-la-vie.ch\/wp-content\/uploads\/2023\/05\/sunrise-6670717_1280.jpg","width":1280,"height":853},{"@type":"BreadcrumbList","@id":"https:\/\/vivre-la-vie.ch\/fr\/#breadcrumb","itemListElement":[{"@type":"ListItem","position":1,"name":"Startseite","item":"https:\/\/vivre-la-vie.ch\/fr\/"},{"@type":"ListItem","position":2,"name":"Bienvenue"}]},{"@type":"WebSite","@id":"https:\/\/vivre-la-vie.ch\/fr\/#website","url":"https:\/\/vivre-la-vie.ch\/fr\/","name":"Lebe Dein Leben","description":"","publisher":{"@id":"https:\/\/vivre-la-vie.ch\/fr\/#organization"},"potentialAction":[{"@type":"SearchAction","target":{"@type":"EntryPoint","urlTemplate":"https:\/\/vivre-la-vie.ch\/fr\/?s={search_term_string}"},"query-input":{"@type":"PropertyValueSpecification","valueRequired":true,"valueName":"search_term_string"}}],"inLanguage":"fr-FR"},{"@type":"Organization","@id":"https:\/\/vivre-la-vie.ch\/fr\/#organization","name":"Lebe Dein Leben","url":"https:\/\/vivre-la-vie.ch\/fr\/","logo":{"@type":"ImageObject","inLanguage":"fr-FR","@id":"https:\/\/vivre-la-vie.ch\/fr\/#\/schema\/logo\/image\/","url":"https:\/\/vivre-la-vie.ch\/wp-content\/uploads\/2023\/05\/LOGO_gefaerbt.png","contentUrl":"https:\/\/vivre-la-vie.ch\/wp-content\/uploads\/2023\/05\/LOGO_gefaerbt.png","width":2745,"height":738,"caption":"Lebe Dein Leben"},"image":{"@id":"https:\/\/vivre-la-vie.ch\/fr\/#\/schema\/logo\/image\/"}}]}},"_links":{"self":[{"href":"https:\/\/vivre-la-vie.ch\/fr\/wp-json\/wp\/v2\/pages\/257","targetHints":{"allow":["GET"]}}],"collection":[{"href":"https:\/\/vivre-la-vie.ch\/fr\/wp-json\/wp\/v2\/pages"}],"about":[{"href":"https:\/\/vivre-la-vie.ch\/fr\/wp-json\/wp\/v2\/types\/page"}],"author":[{"embeddable":true,"href":"https:\/\/vivre-la-vie.ch\/fr\/wp-json\/wp\/v2\/users\/1"}],"replies":[{"embeddable":true,"href":"https:\/\/vivre-la-vie.ch\/fr\/wp-json\/wp\/v2\/comments?post=257"}],"version-history":[{"count":11,"href":"https:\/\/vivre-la-vie.ch\/fr\/wp-json\/wp\/v2\/pages\/257\/revisions"}],"predecessor-version":[{"id":1202,"href":"https:\/\/vivre-la-vie.ch\/fr\/wp-json\/wp\/v2\/pages\/257\/revisions\/1202"}],"wp:featuredmedia":[{"embeddable":true,"href":"https:\/\/vivre-la-vie.ch\/fr\/wp-json\/wp\/v2\/media\/240"}],"wp:attachment":[{"href":"https:\/\/vivre-la-vie.ch\/fr\/wp-json\/wp\/v2\/media?parent=257"}],"curies":[{"name":"wp","href":"https:\/\/api.w.org\/{rel}","templated":true}]}}