{"id":4325,"date":"2024-06-20T08:00:52","date_gmt":"2024-06-20T06:00:52","guid":{"rendered":"https:\/\/entwicklung.vivre-la-vie.ch\/contact\/"},"modified":"2025-02-18T14:09:47","modified_gmt":"2025-02-18T13:09:47","slug":"contact","status":"publish","type":"page","link":"https:\/\/vivre-la-vie.ch\/fr\/contact\/","title":{"rendered":"Contact"},"content":{"rendered":"\t\t<div data-elementor-type=\"wp-post\" data-elementor-id=\"4325\" class=\"elementor elementor-4325 elementor-341\" data-elementor-post-type=\"page\">\n\t\t\t\t\t\t<section class=\"elementor-section elementor-top-section elementor-element elementor-element-8f42402 elementor-section-boxed elementor-section-height-default elementor-section-height-default\" data-id=\"8f42402\" data-element_type=\"section\" data-e-type=\"section\" data-settings=\"{&quot;hoteller_ext_is_background_parallax&quot;:&quot;false&quot;,&quot;hoteller_ext_is_background_on_scroll&quot;:&quot;false&quot;}\">\n\t\t\t\t\t\t<div class=\"elementor-container elementor-column-gap-wide\">\n\t\t\t\t\t<div class=\"elementor-column elementor-col-66 elementor-top-column elementor-element elementor-element-e82609b\" data-id=\"e82609b\" data-element_type=\"column\" data-e-type=\"column\" data-settings=\"{&quot;hoteller_ext_link_sidemenu&quot;:&quot;false&quot;,&quot;hoteller_ext_link_fullmenu&quot;:&quot;false&quot;,&quot;hoteller_ext_link_closed_fullmenu&quot;:&quot;false&quot;,&quot;hoteller_ext_is_scrollme&quot;:&quot;false&quot;,&quot;hoteller_ext_is_smoove&quot;:&quot;false&quot;,&quot;hoteller_ext_is_parallax_mouse&quot;:&quot;false&quot;,&quot;hoteller_ext_is_infinite&quot;:&quot;false&quot;,&quot;hoteller_ext_is_fadeout_animation&quot;:&quot;false&quot;,&quot;hoteller_ext_mobile_static&quot;:&quot;false&quot;}\">\n\t\t\t<div class=\"elementor-widget-wrap elementor-element-populated\">\n\t\t\t\t\t\t<div class=\"elementor-element elementor-element-68ac5bb elementor-widget elementor-widget-heading\" data-id=\"68ac5bb\" data-element_type=\"widget\" data-e-type=\"widget\" data-settings=\"{&quot;hoteller_ext_link_sidemenu&quot;:&quot;false&quot;,&quot;hoteller_ext_link_fullmenu&quot;:&quot;false&quot;,&quot;hoteller_ext_link_closed_fullmenu&quot;:&quot;false&quot;,&quot;hoteller_ext_is_scrollme&quot;:&quot;false&quot;,&quot;hoteller_ext_is_smoove&quot;:&quot;false&quot;,&quot;hoteller_ext_is_parallax_mouse&quot;:&quot;false&quot;,&quot;hoteller_ext_is_infinite&quot;:&quot;false&quot;,&quot;hoteller_ext_is_fadeout_animation&quot;:&quot;false&quot;,&quot;hoteller_ext_mobile_static&quot;:&quot;false&quot;}\" data-widget_type=\"heading.default\">\n\t\t\t\t<div class=\"elementor-widget-container\">\n\t\t\t\t\t<h1 class=\"elementor-heading-title elementor-size-default\">Vous avez des questions ?<\/h1>\t\t\t\t<\/div>\n\t\t\t\t<\/div>\n\t\t\t\t<div class=\"elementor-element elementor-element-afcacc4 elementor-widget elementor-widget-shortcode\" data-id=\"afcacc4\" data-element_type=\"widget\" data-e-type=\"widget\" data-settings=\"{&quot;hoteller_ext_link_sidemenu&quot;:&quot;false&quot;,&quot;hoteller_ext_link_fullmenu&quot;:&quot;false&quot;,&quot;hoteller_ext_link_closed_fullmenu&quot;:&quot;false&quot;,&quot;hoteller_ext_is_scrollme&quot;:&quot;false&quot;,&quot;hoteller_ext_is_smoove&quot;:&quot;false&quot;,&quot;hoteller_ext_is_parallax_mouse&quot;:&quot;false&quot;,&quot;hoteller_ext_is_infinite&quot;:&quot;false&quot;,&quot;hoteller_ext_is_fadeout_animation&quot;:&quot;false&quot;,&quot;hoteller_ext_mobile_static&quot;:&quot;false&quot;}\" data-widget_type=\"shortcode.default\">\n\t\t\t\t<div class=\"elementor-widget-container\">\n\t\t\t\t\t\t\t<div class=\"elementor-shortcode\">\n<div class=\"wpcf7 no-js\" id=\"wpcf7-f4437-o1\" lang=\"fr-FR\" dir=\"ltr\" data-wpcf7-id=\"4437\">\n<div class=\"screen-reader-response\"><p role=\"status\" aria-live=\"polite\" aria-atomic=\"true\"><\/p> <ul><\/ul><\/div>\n<form action=\"\/fr\/wp-json\/wp\/v2\/pages\/4325#wpcf7-f4437-o1\" method=\"post\" class=\"wpcf7-form init wpcf7-acceptance-as-validation\" aria-label=\"Formulaire de contact\" novalidate=\"novalidate\" data-status=\"init\">\n<fieldset class=\"hidden-fields-container\"><input type=\"hidden\" name=\"_wpcf7\" value=\"4437\" \/><input type=\"hidden\" name=\"_wpcf7_version\" value=\"6.1.5\" \/><input type=\"hidden\" name=\"_wpcf7_locale\" value=\"fr_FR\" \/><input type=\"hidden\" name=\"_wpcf7_unit_tag\" value=\"wpcf7-f4437-o1\" \/><input type=\"hidden\" name=\"_wpcf7_container_post\" value=\"0\" \/><input type=\"hidden\" name=\"_wpcf7_posted_data_hash\" value=\"\" \/>\n<\/fieldset>\n<p><span class=\"wpcf7-form-control-wrap\" data-name=\"kundenname\"><input size=\"40\" maxlength=\"400\" class=\"wpcf7-form-control wpcf7-text wpcf7-validates-as-required\" aria-required=\"true\" aria-invalid=\"false\" placeholder=\"Nom complet*\" value=\"\" type=\"text\" name=\"kundenname\" \/><\/span>\n<\/p>\n<p><span class=\"wpcf7-form-control-wrap\" data-name=\"emailadresse\"><input size=\"40\" maxlength=\"400\" class=\"wpcf7-form-control wpcf7-email wpcf7-validates-as-required wpcf7-text wpcf7-validates-as-email\" aria-required=\"true\" aria-invalid=\"false\" placeholder=\"Adresse \u00e9lectronique*\" value=\"\" type=\"email\" name=\"emailadresse\" \/><\/span>\n<\/p>\n<p><span class=\"wpcf7-form-control-wrap\" data-name=\"nachricht\"><textarea cols=\"40\" rows=\"10\" maxlength=\"2000\" class=\"wpcf7-form-control wpcf7-textarea wpcf7-validates-as-required\" aria-required=\"true\" aria-invalid=\"false\" placeholder=\"Message pour nous...\" name=\"nachricht\"><\/textarea><\/span>\n<\/p>\n<p><span class=\"wpcf7-form-control-wrap\" data-name=\"datenschutz\"><span class=\"wpcf7-form-control wpcf7-acceptance\"><span class=\"wpcf7-list-item\"><label><input type=\"checkbox\" name=\"datenschutz\" value=\"1\" aria-invalid=\"false\" \/><span class=\"wpcf7-list-item-label\"><span style=\"font-size:10pt\">J'accepte que mes donn\u00e9es personnelles soient trait\u00e9es pour r\u00e9pondre \u00e0 cette demande. Plus d'informations dans notre <a href=\"\/datenschutz\/\">politique de confidentialit\u00e9.<\/a> * Champ obligatoire. <\/span><\/span><\/label><\/span><\/span><\/span><input class=\"wpcf7-form-control wpcf7-submit has-spinner\" type=\"submit\" value=\"ENVOYER UN MESSAGE\" \/>\n<\/p><div class=\"wpcf7-response-output\" aria-hidden=\"true\"><\/div>\n<\/form>\n<\/div>\n<\/div>\n\t\t\t\t\t\t<\/div>\n\t\t\t\t<\/div>\n\t\t\t\t\t<\/div>\n\t\t<\/div>\n\t\t\t\t<div class=\"elementor-column elementor-col-33 elementor-top-column elementor-element elementor-element-8740472\" data-id=\"8740472\" data-element_type=\"column\" data-e-type=\"column\" data-settings=\"{&quot;background_background&quot;:&quot;classic&quot;,&quot;hoteller_ext_link_sidemenu&quot;:&quot;false&quot;,&quot;hoteller_ext_link_fullmenu&quot;:&quot;false&quot;,&quot;hoteller_ext_link_closed_fullmenu&quot;:&quot;false&quot;,&quot;hoteller_ext_is_scrollme&quot;:&quot;false&quot;,&quot;hoteller_ext_is_smoove&quot;:&quot;false&quot;,&quot;hoteller_ext_is_parallax_mouse&quot;:&quot;false&quot;,&quot;hoteller_ext_is_infinite&quot;:&quot;false&quot;,&quot;hoteller_ext_is_fadeout_animation&quot;:&quot;false&quot;,&quot;hoteller_ext_mobile_static&quot;:&quot;false&quot;}\">\n\t\t\t<div class=\"elementor-widget-wrap elementor-element-populated\">\n\t\t\t\t\t\t<div class=\"elementor-element elementor-element-4910cc7 elementor-widget elementor-widget-image\" data-id=\"4910cc7\" data-element_type=\"widget\" data-e-type=\"widget\" data-settings=\"{&quot;hoteller_image_is_animation&quot;:&quot;false&quot;,&quot;hoteller_ext_link_sidemenu&quot;:&quot;false&quot;,&quot;hoteller_ext_link_fullmenu&quot;:&quot;false&quot;,&quot;hoteller_ext_link_closed_fullmenu&quot;:&quot;false&quot;,&quot;hoteller_ext_is_scrollme&quot;:&quot;false&quot;,&quot;hoteller_ext_is_smoove&quot;:&quot;false&quot;,&quot;hoteller_ext_is_parallax_mouse&quot;:&quot;false&quot;,&quot;hoteller_ext_is_infinite&quot;:&quot;false&quot;,&quot;hoteller_ext_is_fadeout_animation&quot;:&quot;false&quot;,&quot;hoteller_ext_mobile_static&quot;:&quot;false&quot;}\" data-widget_type=\"image.default\">\n\t\t\t\t<div class=\"elementor-widget-container\">\n\t\t\t\t\t\t\t\t\t\t\t\t\t\t\t<img fetchpriority=\"high\" decoding=\"async\" width=\"700\" height=\"466\" src=\"https:\/\/vivre-la-vie.ch\/wp-content\/uploads\/2024\/06\/jura-hike-5181990_1280-700x466.jpg\" class=\"elementor-animation-grow attachment-hoteller-gallery-grid size-hoteller-gallery-grid wp-image-4302\" alt=\"\" \/>\t\t\t\t\t\t\t\t\t\t\t\t\t\t\t<\/div>\n\t\t\t\t<\/div>\n\t\t\t\t<div class=\"elementor-element elementor-element-da2d63e elementor-widget elementor-widget-text-editor\" data-id=\"da2d63e\" data-element_type=\"widget\" data-e-type=\"widget\" data-settings=\"{&quot;hoteller_ext_link_sidemenu&quot;:&quot;false&quot;,&quot;hoteller_ext_link_fullmenu&quot;:&quot;false&quot;,&quot;hoteller_ext_link_closed_fullmenu&quot;:&quot;false&quot;,&quot;hoteller_ext_is_scrollme&quot;:&quot;false&quot;,&quot;hoteller_ext_is_smoove&quot;:&quot;false&quot;,&quot;hoteller_ext_is_parallax_mouse&quot;:&quot;false&quot;,&quot;hoteller_ext_is_infinite&quot;:&quot;false&quot;,&quot;hoteller_ext_is_fadeout_animation&quot;:&quot;false&quot;,&quot;hoteller_ext_mobile_static&quot;:&quot;false&quot;}\" data-widget_type=\"text-editor.default\">\n\t\t\t\t<div class=\"elementor-widget-container\">\n\t\t\t\t\t\t\t\t\t<p><img decoding=\"async\" class=\"alignnone wp-image-3181\" src=\"https:\/\/vivre-la-vie.ch\/wp-content\/uploads\/2024\/06\/cropped-LOGO_gefaerbt-300x300.png\" alt=\"\" width=\"175\" height=\"175\" srcset=\"https:\/\/vivre-la-vie.ch\/wp-content\/uploads\/2024\/06\/cropped-LOGO_gefaerbt-300x300.png 300w, https:\/\/vivre-la-vie.ch\/wp-content\/uploads\/2024\/06\/cropped-LOGO_gefaerbt-150x150.png 150w, https:\/\/vivre-la-vie.ch\/wp-content\/uploads\/2024\/06\/cropped-LOGO_gefaerbt-440x440.png 440w, https:\/\/vivre-la-vie.ch\/wp-content\/uploads\/2024\/06\/cropped-LOGO_gefaerbt-100x100.png 100w, https:\/\/vivre-la-vie.ch\/wp-content\/uploads\/2024\/06\/cropped-LOGO_gefaerbt.png 512w\" sizes=\"(max-width: 175px) 100vw, 175px\" \/><\/p>\n<p><strong>Vivre-la-vie<br \/><\/strong>Margrith Walther<strong><br \/><\/strong><span style=\"font-size: 15px;\">route de Roche-d&rsquo;Or 12<br \/>2907 Rocourt<br \/>Suisse<\/span><\/p>\n<p>T\u00e9l\u00e9phone : +41 79 218 71 62<br \/>E-mail : info@vivre-la-vie.ch<\/p>\n\t\t\t\t\t\t\t\t<\/div>\n\t\t\t\t<\/div>\n\t\t\t\t<div class=\"elementor-element elementor-element-13a71e5 elementor-align-center elementor-mobile-align-left elementor-invisible elementor-widget elementor-widget-button\" data-id=\"13a71e5\" data-element_type=\"widget\" data-e-type=\"widget\" data-settings=\"{&quot;_animation&quot;:&quot;fadeIn&quot;,&quot;hoteller_ext_link_sidemenu&quot;:&quot;false&quot;,&quot;hoteller_ext_link_fullmenu&quot;:&quot;false&quot;,&quot;hoteller_ext_link_closed_fullmenu&quot;:&quot;false&quot;,&quot;hoteller_ext_is_scrollme&quot;:&quot;false&quot;,&quot;hoteller_ext_is_smoove&quot;:&quot;false&quot;,&quot;hoteller_ext_is_parallax_mouse&quot;:&quot;false&quot;,&quot;hoteller_ext_is_infinite&quot;:&quot;false&quot;,&quot;hoteller_ext_is_fadeout_animation&quot;:&quot;false&quot;,&quot;hoteller_ext_mobile_static&quot;:&quot;false&quot;}\" data-widget_type=\"button.default\">\n\t\t\t\t<div class=\"elementor-widget-container\">\n\t\t\t\t\t\t\t\t\t<div class=\"elementor-button-wrapper\">\n\t\t\t\t\t<a class=\"elementor-button elementor-button-link elementor-size-lg elementor-animation-shrink\" href=\"https:\/\/maps.app.goo.gl\/dM4XFcsB4MDyFcEe6\" target=\"_blank\">\n\t\t\t\t\t\t<span class=\"elementor-button-content-wrapper\">\n\t\t\t\t\t\t<span class=\"elementor-button-icon\">\n\t\t\t\t<svg aria-hidden=\"true\" class=\"e-font-icon-svg e-fas-map-marker-alt\" viewBox=\"0 0 384 512\" xmlns=\"http:\/\/www.w3.org\/2000\/svg\"><path d=\"M172.268 501.67C26.97 291.031 0 269.413 0 192 0 85.961 85.961 0 192 0s192 85.961 192 192c0 77.413-26.97 99.031-172.268 309.67-9.535 13.774-29.93 13.773-39.464 0zM192 272c44.183 0 80-35.817 80-80s-35.817-80-80-80-80 35.817-80 80 35.817 80 80 80z\"><\/path><\/svg>\t\t\t<\/span>\n\t\t\t\t\t\t\t\t\t<span class=\"elementor-button-text\">PLAN D'ACC\u00c8S<\/span>\n\t\t\t\t\t<\/span>\n\t\t\t\t\t<\/a>\n\t\t\t\t<\/div>\n\t\t\t\t\t\t\t\t<\/div>\n\t\t\t\t<\/div>\n\t\t\t\t\t<\/div>\n\t\t<\/div>\n\t\t\t\t\t<\/div>\n\t\t<\/section>\n\t\t\t\t<section class=\"elementor-section elementor-top-section elementor-element elementor-element-61f41d1 elementor-section-stretched elementor-section-height-min-height elementor-section-boxed elementor-section-height-default elementor-section-items-middle\" data-id=\"61f41d1\" data-element_type=\"section\" data-e-type=\"section\" data-settings=\"{&quot;stretch_section&quot;:&quot;section-stretched&quot;,&quot;shape_divider_bottom&quot;:&quot;waves&quot;,&quot;hoteller_ext_is_background_parallax&quot;:&quot;false&quot;,&quot;hoteller_ext_is_background_on_scroll&quot;:&quot;false&quot;}\">\n\t\t\t\t\t<div class=\"elementor-shape elementor-shape-bottom\" aria-hidden=\"true\" data-negative=\"false\">\n\t\t\t<svg xmlns=\"http:\/\/www.w3.org\/2000\/svg\" viewBox=\"0 0 1000 100\" preserveAspectRatio=\"none\">\n\t<path class=\"elementor-shape-fill\" d=\"M421.9,6.5c22.6-2.5,51.5,0.4,75.5,5.3c23.6,4.9,70.9,23.5,100.5,35.7c75.8,32.2,133.7,44.5,192.6,49.7\n\tc23.6,2.1,48.7,3.5,103.4-2.5c54.7-6,106.2-25.6,106.2-25.6V0H0v30.3c0,0,72,32.6,158.4,30.5c39.2-0.7,92.8-6.7,134-22.4\n\tc21.2-8.1,52.2-18.2,79.7-24.2C399.3,7.9,411.6,7.5,421.9,6.5z\"\/>\n<\/svg>\t\t<\/div>\n\t\t\t\t\t<div class=\"elementor-container elementor-column-gap-default\">\n\t\t\t\t\t<div class=\"elementor-column elementor-col-100 elementor-top-column elementor-element elementor-element-cece3a7\" data-id=\"cece3a7\" data-element_type=\"column\" data-e-type=\"column\" data-settings=\"{&quot;hoteller_ext_link_sidemenu&quot;:&quot;false&quot;,&quot;hoteller_ext_link_fullmenu&quot;:&quot;false&quot;,&quot;hoteller_ext_link_closed_fullmenu&quot;:&quot;false&quot;,&quot;hoteller_ext_is_scrollme&quot;:&quot;false&quot;,&quot;hoteller_ext_is_smoove&quot;:&quot;false&quot;,&quot;hoteller_ext_is_parallax_mouse&quot;:&quot;false&quot;,&quot;hoteller_ext_is_infinite&quot;:&quot;false&quot;,&quot;hoteller_ext_is_fadeout_animation&quot;:&quot;false&quot;,&quot;hoteller_ext_mobile_static&quot;:&quot;false&quot;}\">\n\t\t\t<div class=\"elementor-widget-wrap\">\n\t\t\t\t\t\t\t<\/div>\n\t\t<\/div>\n\t\t\t\t\t<\/div>\n\t\t<\/section>\n\t\t\t\t<\/div>\n\t\t","protected":false},"excerpt":{"rendered":"<p>Vous avez des questions ? Vivre-la-vieMargrith Waltherroute de Roche-d&rsquo;Or 122907 RocourtSuisse T\u00e9l\u00e9phone : +41 79 218 71 62E-mail : info@vivre-la-vie.ch PLAN D&rsquo;ACC\u00c8S<\/p>\n","protected":false},"author":1,"featured_media":0,"parent":0,"menu_order":0,"comment_status":"closed","ping_status":"closed","template":"","meta":{"footnotes":""},"class_list":["post-4325","page","type-page","status-publish","hentry"],"yoast_head":"<!-- This site is optimized with the Yoast SEO plugin v27.6 - https:\/\/yoast.com\/product\/yoast-seo-wordpress\/ -->\n<title>Contact - Vivre-la-vie - Margrith Walther<\/title>\n<meta name=\"robots\" content=\"index, follow, max-snippet:-1, max-image-preview:large, max-video-preview:-1\" \/>\n<link rel=\"canonical\" href=\"https:\/\/vivre-la-vie.ch\/fr\/contact\/\" \/>\n<meta property=\"og:locale\" content=\"fr_FR\" \/>\n<meta property=\"og:type\" content=\"article\" \/>\n<meta property=\"og:title\" content=\"Contact - Vivre-la-vie - Margrith Walther\" \/>\n<meta property=\"og:description\" content=\"Vous avez des questions ? Vivre-la-vieMargrith Waltherroute de Roche-d&rsquo;Or 122907 RocourtSuisse T\u00e9l\u00e9phone : +41 79 218 71 62E-mail : info@vivre-la-vie.ch PLAN D&rsquo;ACC\u00c8S\" \/>\n<meta property=\"og:url\" content=\"https:\/\/vivre-la-vie.ch\/fr\/contact\/\" \/>\n<meta property=\"og:site_name\" content=\"Vivre-la-vie - Margrith Walther\" \/>\n<meta property=\"article:modified_time\" content=\"2025-02-18T13:09:47+00:00\" \/>\n<meta property=\"og:image\" content=\"https:\/\/vivre-la-vie.ch\/wp-content\/uploads\/2024\/06\/jura-hike-5181990_1280.jpg\" \/>\n\t<meta property=\"og:image:width\" content=\"1280\" \/>\n\t<meta property=\"og:image:height\" content=\"868\" \/>\n\t<meta property=\"og:image:type\" content=\"image\/jpeg\" \/>\n<meta name=\"twitter:card\" content=\"summary_large_image\" \/>\n<script type=\"application\/ld+json\" class=\"yoast-schema-graph\">{\"@context\":\"https:\\\/\\\/schema.org\",\"@graph\":[{\"@type\":\"WebPage\",\"@id\":\"https:\\\/\\\/vivre-la-vie.ch\\\/fr\\\/contact\\\/\",\"url\":\"https:\\\/\\\/vivre-la-vie.ch\\\/fr\\\/contact\\\/\",\"name\":\"Contact - Vivre-la-vie - Margrith Walther\",\"isPartOf\":{\"@id\":\"https:\\\/\\\/vivre-la-vie.ch\\\/fr\\\/#website\"},\"primaryImageOfPage\":{\"@id\":\"https:\\\/\\\/vivre-la-vie.ch\\\/fr\\\/contact\\\/#primaryimage\"},\"image\":{\"@id\":\"https:\\\/\\\/vivre-la-vie.ch\\\/fr\\\/contact\\\/#primaryimage\"},\"thumbnailUrl\":\"https:\\\/\\\/vivre-la-vie.ch\\\/wp-content\\\/uploads\\\/2024\\\/06\\\/jura-hike-5181990_1280-700x466.jpg\",\"datePublished\":\"2024-06-20T06:00:52+00:00\",\"dateModified\":\"2025-02-18T13:09:47+00:00\",\"breadcrumb\":{\"@id\":\"https:\\\/\\\/vivre-la-vie.ch\\\/fr\\\/contact\\\/#breadcrumb\"},\"inLanguage\":\"fr-FR\",\"potentialAction\":[{\"@type\":\"ReadAction\",\"target\":[\"https:\\\/\\\/vivre-la-vie.ch\\\/fr\\\/contact\\\/\"]}]},{\"@type\":\"ImageObject\",\"inLanguage\":\"fr-FR\",\"@id\":\"https:\\\/\\\/vivre-la-vie.ch\\\/fr\\\/contact\\\/#primaryimage\",\"url\":\"https:\\\/\\\/vivre-la-vie.ch\\\/wp-content\\\/uploads\\\/2024\\\/06\\\/jura-hike-5181990_1280-700x466.jpg\",\"contentUrl\":\"https:\\\/\\\/vivre-la-vie.ch\\\/wp-content\\\/uploads\\\/2024\\\/06\\\/jura-hike-5181990_1280-700x466.jpg\"},{\"@type\":\"BreadcrumbList\",\"@id\":\"https:\\\/\\\/vivre-la-vie.ch\\\/fr\\\/contact\\\/#breadcrumb\",\"itemListElement\":[{\"@type\":\"ListItem\",\"position\":1,\"name\":\"Startseite\",\"item\":\"https:\\\/\\\/vivre-la-vie.ch\\\/fr\\\/\"},{\"@type\":\"ListItem\",\"position\":2,\"name\":\"Contact\"}]},{\"@type\":\"WebSite\",\"@id\":\"https:\\\/\\\/vivre-la-vie.ch\\\/fr\\\/#website\",\"url\":\"https:\\\/\\\/vivre-la-vie.ch\\\/fr\\\/\",\"name\":\"Vivre-la-vie - Margrith Walther\",\"description\":\"Lebe Dein Leben\",\"potentialAction\":[{\"@type\":\"SearchAction\",\"target\":{\"@type\":\"EntryPoint\",\"urlTemplate\":\"https:\\\/\\\/vivre-la-vie.ch\\\/fr\\\/?s={search_term_string}\"},\"query-input\":{\"@type\":\"PropertyValueSpecification\",\"valueRequired\":true,\"valueName\":\"search_term_string\"}}],\"inLanguage\":\"fr-FR\"}]}<\/script>\n<!-- \/ Yoast SEO plugin. -->","yoast_head_json":{"title":"Contact - Vivre-la-vie - Margrith Walther","robots":{"index":"index","follow":"follow","max-snippet":"max-snippet:-1","max-image-preview":"max-image-preview:large","max-video-preview":"max-video-preview:-1"},"canonical":"https:\/\/vivre-la-vie.ch\/fr\/contact\/","og_locale":"fr_FR","og_type":"article","og_title":"Contact - Vivre-la-vie - Margrith Walther","og_description":"Vous avez des questions ? Vivre-la-vieMargrith Waltherroute de Roche-d&rsquo;Or 122907 RocourtSuisse T\u00e9l\u00e9phone : +41 79 218 71 62E-mail : info@vivre-la-vie.ch PLAN D&rsquo;ACC\u00c8S","og_url":"https:\/\/vivre-la-vie.ch\/fr\/contact\/","og_site_name":"Vivre-la-vie - Margrith Walther","article_modified_time":"2025-02-18T13:09:47+00:00","og_image":[{"width":1280,"height":868,"url":"https:\/\/vivre-la-vie.ch\/wp-content\/uploads\/2024\/06\/jura-hike-5181990_1280.jpg","type":"image\/jpeg"}],"twitter_card":"summary_large_image","schema":{"@context":"https:\/\/schema.org","@graph":[{"@type":"WebPage","@id":"https:\/\/vivre-la-vie.ch\/fr\/contact\/","url":"https:\/\/vivre-la-vie.ch\/fr\/contact\/","name":"Contact - Vivre-la-vie - Margrith Walther","isPartOf":{"@id":"https:\/\/vivre-la-vie.ch\/fr\/#website"},"primaryImageOfPage":{"@id":"https:\/\/vivre-la-vie.ch\/fr\/contact\/#primaryimage"},"image":{"@id":"https:\/\/vivre-la-vie.ch\/fr\/contact\/#primaryimage"},"thumbnailUrl":"https:\/\/vivre-la-vie.ch\/wp-content\/uploads\/2024\/06\/jura-hike-5181990_1280-700x466.jpg","datePublished":"2024-06-20T06:00:52+00:00","dateModified":"2025-02-18T13:09:47+00:00","breadcrumb":{"@id":"https:\/\/vivre-la-vie.ch\/fr\/contact\/#breadcrumb"},"inLanguage":"fr-FR","potentialAction":[{"@type":"ReadAction","target":["https:\/\/vivre-la-vie.ch\/fr\/contact\/"]}]},{"@type":"ImageObject","inLanguage":"fr-FR","@id":"https:\/\/vivre-la-vie.ch\/fr\/contact\/#primaryimage","url":"https:\/\/vivre-la-vie.ch\/wp-content\/uploads\/2024\/06\/jura-hike-5181990_1280-700x466.jpg","contentUrl":"https:\/\/vivre-la-vie.ch\/wp-content\/uploads\/2024\/06\/jura-hike-5181990_1280-700x466.jpg"},{"@type":"BreadcrumbList","@id":"https:\/\/vivre-la-vie.ch\/fr\/contact\/#breadcrumb","itemListElement":[{"@type":"ListItem","position":1,"name":"Startseite","item":"https:\/\/vivre-la-vie.ch\/fr\/"},{"@type":"ListItem","position":2,"name":"Contact"}]},{"@type":"WebSite","@id":"https:\/\/vivre-la-vie.ch\/fr\/#website","url":"https:\/\/vivre-la-vie.ch\/fr\/","name":"Vivre-la-vie - Margrith Walther","description":"Lebe Dein Leben","potentialAction":[{"@type":"SearchAction","target":{"@type":"EntryPoint","urlTemplate":"https:\/\/vivre-la-vie.ch\/fr\/?s={search_term_string}"},"query-input":{"@type":"PropertyValueSpecification","valueRequired":true,"valueName":"search_term_string"}}],"inLanguage":"fr-FR"}]}},"_links":{"self":[{"href":"https:\/\/vivre-la-vie.ch\/fr\/wp-json\/wp\/v2\/pages\/4325","targetHints":{"allow":["GET"]}}],"collection":[{"href":"https:\/\/vivre-la-vie.ch\/fr\/wp-json\/wp\/v2\/pages"}],"about":[{"href":"https:\/\/vivre-la-vie.ch\/fr\/wp-json\/wp\/v2\/types\/page"}],"author":[{"embeddable":true,"href":"https:\/\/vivre-la-vie.ch\/fr\/wp-json\/wp\/v2\/users\/1"}],"replies":[{"embeddable":true,"href":"https:\/\/vivre-la-vie.ch\/fr\/wp-json\/wp\/v2\/comments?post=4325"}],"version-history":[{"count":0,"href":"https:\/\/vivre-la-vie.ch\/fr\/wp-json\/wp\/v2\/pages\/4325\/revisions"}],"wp:attachment":[{"href":"https:\/\/vivre-la-vie.ch\/fr\/wp-json\/wp\/v2\/media?parent=4325"}],"curies":[{"name":"wp","href":"https:\/\/api.w.org\/{rel}","templated":true}]}}