{"id":4390,"date":"2024-06-17T15:43:56","date_gmt":"2024-06-17T13:43:56","guid":{"rendered":"https:\/\/entwicklung.vivre-la-vie.ch\/conditions-generales-de-vente\/"},"modified":"2025-02-18T14:10:53","modified_gmt":"2025-02-18T13:10:53","slug":"conditions-generales-de-vente","status":"publish","type":"page","link":"https:\/\/vivre-la-vie.ch\/fr\/conditions-generales-de-vente\/","title":{"rendered":"Conditions g\u00e9n\u00e9rales de vente"},"content":{"rendered":"\t\t<div data-elementor-type=\"wp-post\" data-elementor-id=\"4390\" class=\"elementor elementor-4390 elementor-3867\" data-elementor-post-type=\"page\">\n\t\t\t\t\t\t<section class=\"elementor-section elementor-top-section elementor-element elementor-element-fe5f11f elementor-section-boxed elementor-section-height-default elementor-section-height-default\" data-id=\"fe5f11f\" data-element_type=\"section\" data-e-type=\"section\" data-settings=\"{&quot;hoteller_ext_is_background_parallax&quot;:&quot;false&quot;,&quot;hoteller_ext_is_background_on_scroll&quot;:&quot;false&quot;}\">\n\t\t\t\t\t\t<div class=\"elementor-container elementor-column-gap-default\">\n\t\t\t\t\t<div class=\"elementor-column elementor-col-100 elementor-top-column elementor-element elementor-element-4190d2c\" data-id=\"4190d2c\" data-element_type=\"column\" data-e-type=\"column\" data-settings=\"{&quot;hoteller_ext_link_sidemenu&quot;:&quot;false&quot;,&quot;hoteller_ext_link_fullmenu&quot;:&quot;false&quot;,&quot;hoteller_ext_link_closed_fullmenu&quot;:&quot;false&quot;,&quot;hoteller_ext_is_scrollme&quot;:&quot;false&quot;,&quot;hoteller_ext_is_smoove&quot;:&quot;false&quot;,&quot;hoteller_ext_is_parallax_mouse&quot;:&quot;false&quot;,&quot;hoteller_ext_is_infinite&quot;:&quot;false&quot;,&quot;hoteller_ext_is_fadeout_animation&quot;:&quot;false&quot;,&quot;hoteller_ext_mobile_static&quot;:&quot;false&quot;}\">\n\t\t\t<div class=\"elementor-widget-wrap elementor-element-populated\">\n\t\t\t\t\t\t<div class=\"elementor-element elementor-element-1d4d554 elementor-invisible elementor-widget elementor-widget-heading\" data-id=\"1d4d554\" data-element_type=\"widget\" data-e-type=\"widget\" data-settings=\"{&quot;_animation&quot;:&quot;fadeIn&quot;,&quot;hoteller_ext_link_sidemenu&quot;:&quot;false&quot;,&quot;hoteller_ext_link_fullmenu&quot;:&quot;false&quot;,&quot;hoteller_ext_link_closed_fullmenu&quot;:&quot;false&quot;,&quot;hoteller_ext_is_scrollme&quot;:&quot;false&quot;,&quot;hoteller_ext_is_smoove&quot;:&quot;false&quot;,&quot;hoteller_ext_is_parallax_mouse&quot;:&quot;false&quot;,&quot;hoteller_ext_is_infinite&quot;:&quot;false&quot;,&quot;hoteller_ext_is_fadeout_animation&quot;:&quot;false&quot;,&quot;hoteller_ext_mobile_static&quot;:&quot;false&quot;}\" data-widget_type=\"heading.default\">\n\t\t\t\t<div class=\"elementor-widget-container\">\n\t\t\t\t\t<h1 class=\"elementor-heading-title elementor-size-default\">Conditions g\u00e9n\u00e9rales de vente (CGV)<\/h1>\t\t\t\t<\/div>\n\t\t\t\t<\/div>\n\t\t\t\t<div class=\"elementor-element elementor-element-cd6e922 elementor-invisible elementor-widget elementor-widget-text-editor\" data-id=\"cd6e922\" data-element_type=\"widget\" data-e-type=\"widget\" data-settings=\"{&quot;_animation&quot;:&quot;fadeIn&quot;,&quot;_animation_delay&quot;:100,&quot;hoteller_ext_link_sidemenu&quot;:&quot;false&quot;,&quot;hoteller_ext_link_fullmenu&quot;:&quot;false&quot;,&quot;hoteller_ext_link_closed_fullmenu&quot;:&quot;false&quot;,&quot;hoteller_ext_is_scrollme&quot;:&quot;false&quot;,&quot;hoteller_ext_is_smoove&quot;:&quot;false&quot;,&quot;hoteller_ext_is_parallax_mouse&quot;:&quot;false&quot;,&quot;hoteller_ext_is_infinite&quot;:&quot;false&quot;,&quot;hoteller_ext_is_fadeout_animation&quot;:&quot;false&quot;,&quot;hoteller_ext_mobile_static&quot;:&quot;false&quot;}\" data-widget_type=\"text-editor.default\">\n\t\t\t\t<div class=\"elementor-widget-container\">\n\t\t\t\t\t\t\t\t\t<p>Bienvenue chez Vivre la vie !<\/p>\n<p>Les pr\u00e9sentes conditions g\u00e9n\u00e9rales contiennent les r\u00e8gles et dispositions r\u00e9gissant l&rsquo;utilisation du site Web de Vivre la vie \u00e0 l&rsquo;adresse https:\/\/vivre-la-vie.ch.<\/p>\n<p>Nous consid\u00e9rons qu&rsquo;en acc\u00e9dant au site, vous acceptez les conditions g\u00e9n\u00e9rales dans leur int\u00e9gralit\u00e9. Veuillez ne pas continuer \u00e0 utiliser Vivre la vie si vous n&rsquo;\u00eates pas d&rsquo;accord avec toutes les conditions \u00e9nonc\u00e9es sur cette page. <\/p>\n<h4 class=\"wp-block-heading\">Les cookies :<\/h4>\n<p>Le site utilise des cookies pour personnaliser votre exp\u00e9rience en ligne. En continuant \u00e0 acc\u00e9der \u00e0 Vivre la vie, vous acceptez l&rsquo;utilisation de cookies. <\/p>\n<p>Un cookie est un fichier texte stock\u00e9 sur votre disque dur par un serveur web. Les cookies ne peuvent pas ex\u00e9cuter de programmes ni transmettre de virus \u00e0 votre ordinateur. Ils contiennent un identifiant unique et ne peuvent \u00eatre lus que par le serveur web du domaine qui a enregistr\u00e9 le cookie chez vous.  <\/p>\n<p>Nous utilisons des cookies \u00e0 diff\u00e9rentes fins, notamment pour l&rsquo;analyse et les communications marketing personnalis\u00e9es dans le but d&rsquo;am\u00e9liorer la convivialit\u00e9 de notre site web. Vous avez la possibilit\u00e9 de refuser les cookies facultatifs. Certains cookies sont toutefois absolument n\u00e9cessaires au bon fonctionnement de notre site web. Ces cookies techniquement n\u00e9cessaires doivent toujours \u00eatre activ\u00e9s et ne n\u00e9cessitent donc pas de consentement. Veuillez noter qu&rsquo;en acceptant les cookies n\u00e9cessaires, vous acceptez \u00e9galement les cookies tiers si vous utilisez des services fournis par des tiers sur notre site Web, tels qu&rsquo;une fen\u00eatre publicitaire vid\u00e9o int\u00e9gr\u00e9e.    <\/p>\n<h4 class=\"wp-block-heading\">Licence :<\/h4>\n<p>Sauf indication contraire, Vivre la vie et\/ou ses conc\u00e9dants de licence d\u00e9tiennent les droits de propri\u00e9t\u00e9 intellectuelle de tous les documents pr\u00e9sents sur Vivre la vie. Tous les droits de propri\u00e9t\u00e9 intellectuelle sont r\u00e9serv\u00e9s. Vous pouvez consulter et\/ou imprimer des pages de Vivre la vie pour votre propre usage personnel, sous r\u00e9serve des restrictions \u00e9nonc\u00e9es dans les pr\u00e9sentes conditions g\u00e9n\u00e9rales.  <\/p>\n<p>Les \u00e9l\u00e9ments suivants sont interdits :<\/p>\n<ul>\n<li>Publication du mat\u00e9riel de Vivre la vie<\/li>\n<li>Vente, location ou sous-licence du mat\u00e9riel de Vivre la vie<\/li>\n<li>Reproduction, duplication ou copie du mat\u00e9riel de Vivre la vie<\/li>\n<li>Redistribution du contenu de Vivre la vie<\/li>\n<\/ul>\n<p>Le pr\u00e9sent accord entre en vigueur \u00e0 la date d&rsquo;aujourd&rsquo;hui.<\/p>\n<p>Dans certaines parties de ce site, les utilisateurs ont la possibilit\u00e9 de laisser des commentaires \u00e0 des fins d&rsquo;\u00e9change d&rsquo;opinions et d&rsquo;informations. Les commentaires des utilisateurs ne sont pas v\u00e9rifi\u00e9s, filtr\u00e9s, \u00e9dit\u00e9s ou diffus\u00e9s avant leur publication sur le site Web de Vivre la vie. Les commentaires des utilisateurs refl\u00e8tent uniquement l&rsquo;opinion personnelle de leur auteur et ne correspondent pas aux opinions et aux convictions de Vivre la vie, de ses repr\u00e9sentants l\u00e9gaux et\/ou de ses partenaires commerciaux. Sauf disposition l\u00e9gale contraire, Vivre la vie n&rsquo;assume aucune responsabilit\u00e9 pour les commentaires d&rsquo;utilisateurs ou pour les dommages et\/ou frais \u00e9ventuels r\u00e9sultant de l&rsquo;apparition de tels commentaires d&rsquo;utilisateurs sur le site web.   <\/p>\n<p>Vivre la vie se r\u00e9serve le droit de v\u00e9rifier et \u00e9ventuellement de supprimer tous les commentaires qui peuvent \u00eatre consid\u00e9r\u00e9s comme inappropri\u00e9s, choquants ou en violation des conditions g\u00e9n\u00e9rales.<\/p>\n<p>Par la pr\u00e9sente, vous nous assurez et acceptez que :<\/p>\n<ul>\n<li>vous disposez de l&rsquo;autorisation, des licences et des consentements \u00e9ventuellement requis pour publier des commentaires sur notre site web ;<\/li>\n<li>vos commentaires ne violent pas les droits de propri\u00e9t\u00e9 intellectuelle ou autres droits de propri\u00e9t\u00e9 tels que les droits d&rsquo;auteur, les brevets ou les marques de tiers<\/li>\n<li>vos commentaires ne contiennent pas de mat\u00e9riel injurieux, diffamatoire, offensant, inappropri\u00e9 ou autrement ill\u00e9gal qui constitue une violation de la vie priv\u00e9e ;<\/li>\n<li>vos commentaires n&rsquo;ont pas pour but de promouvoir ou d&rsquo;encourager des activit\u00e9s professionnelles, orient\u00e9es client, commerciales ou des activit\u00e9s ill\u00e9gales ;<\/li>\n<\/ul>\n<p>Vous accordez par la pr\u00e9sente \u00e0 Vivre la vie une licence non exclusive pour utiliser, reproduire, adapter et autoriser d&rsquo;autres personnes \u00e0 utiliser, reproduire et adapter vos commentaires sous toutes formes, formats ou supports.<\/p>\n<h4 class=\"wp-block-heading\">Cr\u00e9er un lien vers notre contenu :<\/h4>\n<p>Les institutions suivantes peuvent cr\u00e9er un lien vers notre site web sans autorisation \u00e9crite pr\u00e9alable :<\/p>\n<ul>\n<li>Organismes gouvernementaux ;<\/li>\n<li>Moteurs de recherche ;<\/li>\n<li>Agences de presse ;<\/li>\n<li>Les annuaires en ligne peuvent inclure dans leur liste un lien vers notre site web correspondant aux autres entreprises qui y figurent.<\/li>\n<li>Les entreprises accr\u00e9dit\u00e9es. Sont exclues les organisations \u00e0 but non lucratif faisant de la publicit\u00e9, les boutiques d&rsquo;organisations caritatives et les organisations de collecte de fonds pour des \u0153uvres caritatives. Celles-ci ne sont pas autoris\u00e9es \u00e0 cr\u00e9er un lien vers notre site.  <\/li>\n<\/ul>\n<p>Ces organisations peuvent cr\u00e9er un lien vers notre page d&rsquo;accueil, nos publications ou d&rsquo;autres informations du site Web, \u00e0 condition que le lien : (a) ne soit pas trompeur de quelque mani\u00e8re que ce soit ; (b) n&rsquo;implique pas par erreur un parrainage, un soutien ou une approbation de la partie qui cr\u00e9e le lien ou de ses produits et\/ou services ; et (c) s&rsquo;inscrive dans le contexte du site Web vers lequel le lien est cr\u00e9\u00e9.   <\/p>\n<p>Les demandes de liens des types d&rsquo;organisations suivants peuvent \u00eatre prises en consid\u00e9ration et approuv\u00e9es :<\/p>\n<ul>\n<li>les sources d&rsquo;information g\u00e9n\u00e9ralement connues des consommateurs et\/ou des entreprises ;<\/li>\n<li>dot.com sites communautaires ;<\/li>\n<li>les associations ou autres organismes repr\u00e9sentant des organisations caritatives ;<\/li>\n<li>Annuaires en ligne ;<\/li>\n<li>Portails Internet ;<\/li>\n<li>les cabinets d&rsquo;audit, juridiques et de conseil, et<\/li>\n<li>Instituts de formation et associations commerciales.<\/li>\n<\/ul>\n<p>Nous approuverons les demandes de liens de telles organisations \u00e0 condition que : (a) le lien n&rsquo;ait pas d&rsquo;impact n\u00e9gatif pour nous ou nos entreprises accr\u00e9dit\u00e9es ; (b) il n&rsquo;y ait jamais eu de d\u00e9saccord avec l&rsquo;organisation dans le pass\u00e9 ; (c) les avantages de la visibilit\u00e9 du lien, malgr\u00e9 l&rsquo;absence de mention de Vivre la vie, soient sup\u00e9rieurs ; et (d) le lien soit dans le contexte d&rsquo;informations g\u00e9n\u00e9rales sur les ressources.    <\/p>\n<p>Ces organisations peuvent cr\u00e9er un lien vers notre page d&rsquo;accueil, \u00e0 condition que le lien : (a) ne soit en aucun cas trompeur ; (b) n&rsquo;implique pas par erreur un parrainage, un soutien ou une approbation de la partie qui cr\u00e9e le lien ou de ses produits et\/ou services ; et (c) soit adapt\u00e9 au contexte du site web vers lequel le lien est cr\u00e9\u00e9.   <\/p>\n<p>Si vous faites partie des organisations list\u00e9es au point 2 et que vous souhaitez \u00e9tablir un lien avec notre site web, veuillez nous envoyer un e-mail \u00e0 Vivre la vie en indiquant votre nom, le nom de votre organisation, vos coordonn\u00e9es, l&rsquo;URL de votre site web, la liste de toutes les URL \u00e0 partir desquelles vous souhaitez \u00e9tablir un lien vers notre site web et la liste de toutes les URL de notre site web vers lesquelles vous souhaitez \u00e9tablir un lien. Nous nous efforcerons de vous r\u00e9pondre dans un d\u00e9lai de 2 \u00e0 3 semaines. <\/p>\n<p>Les organisations qui obtiennent l&rsquo;autorisation peuvent cr\u00e9er un lien vers notre site web de la mani\u00e8re suivante :<\/p>\n<ul>\n<li>En utilisant le nom de notre soci\u00e9t\u00e9 ou<\/li>\n<li>En utilisant le localisateur de ressources uniformes (URL) avec lequel le lien est \u00e9tabli ou<\/li>\n<li>En utilisant d&rsquo;autres descriptions de notre site Web ou des documents auxquels il est fait r\u00e9f\u00e9rence de mani\u00e8re \u00e0 ce que les descriptions correspondent au contexte et au contenu du site Web auquel il est fait r\u00e9f\u00e9rence.<\/li>\n<\/ul>\n<p>Sans accord de licence d&rsquo;utilisation de la marque, ni le logo de Vivre la vie ni aucun autre \u00e9l\u00e9ment graphique ne peuvent \u00eatre utilis\u00e9s pour cr\u00e9er un lien.<\/p>\n<h4 class=\"wp-block-heading\">Responsabilit\u00e9 du contenu :<\/h4>\n<p>Nous ne sommes pas responsables du contenu qui appara\u00eet sur votre site. Vous acceptez par la pr\u00e9sente de nous indemniser pour toute r\u00e9clamation faite sur votre site. Aucun site Web ne doit contenir de liens dont le contenu peut \u00eatre consid\u00e9r\u00e9 comme diffamatoire, obsc\u00e8ne ou criminel, ou qui enfreignent ou violent des droits ou encouragent d&rsquo;autres infractions et violations des droits de tiers.  <\/p>\n<h4 class=\"wp-block-heading\">R\u00e9serve de droit :<\/h4>\n<p>Nous nous r\u00e9servons le droit, \u00e0 tout moment et \u00e0 notre enti\u00e8re discr\u00e9tion, de vous demander de supprimer tous les liens ou un lien sp\u00e9cifique vers notre site. Vous acceptez de vous conformer imm\u00e9diatement \u00e0 une telle demande et de supprimer imm\u00e9diatement tout lien vers notre site. Nous nous r\u00e9servons \u00e9galement le droit de modifier \u00e0 tout moment les conditions g\u00e9n\u00e9rales et les directives relatives aux liens. Si vous continuez \u00e0 cr\u00e9er un lien vers notre site Web, vous acceptez la politique de cr\u00e9ation de liens \u00e9nonc\u00e9e dans les pr\u00e9sentes conditions g\u00e9n\u00e9rales. En continuant \u00e0 cr\u00e9er un lien vers notre site, vous acceptez d&rsquo;\u00eatre li\u00e9 par ces conditions de lien et de les respecter.    <\/p>\n<h4 class=\"wp-block-heading\">Suppression de liens sur notre site :<\/h4>\n<p>Veuillez nous contacter \u00e0 tout moment si vous estimez qu&rsquo;un lien sur notre site ou un site li\u00e9 est inappropri\u00e9 pour une raison quelconque. Nous examinerons les demandes de suppression de liens, mais nous ne sommes pas tenus d&rsquo;y donner suite ou de r\u00e9pondre directement aux demandes. <\/p>\n<p>Nous ne garantissons pas l&rsquo;exhaustivit\u00e9 ou l&rsquo;exactitude des informations contenues dans ce site, ni que le site restera disponible et que le mat\u00e9riel contenu dans le site sera tenu \u00e0 jour.<\/p>\n<h4 class=\"wp-block-heading\">Clause de non-responsabilit\u00e9 :<\/h4>\n<p>Dans la mesure permise par la loi applicable, nous excluons toutes les repr\u00e9sentations, garanties et conditions relatives \u00e0 notre site Web et \u00e0 son utilisation). Rien dans cette clause de non-responsabilit\u00e9 ne doit <\/p>\n<ul>\n<li>limiter ou exclure notre responsabilit\u00e9 ou la v\u00f4tre en cas de d\u00e9c\u00e8s ou de dommages corporels r\u00e9sultant d&rsquo;une n\u00e9gligence ;<\/li>\n<li>limiter ou exclure notre responsabilit\u00e9 ou la v\u00f4tre en cas de fraude ou de fausse d\u00e9claration frauduleuse ;<\/li>\n<li>limiter notre responsabilit\u00e9 ou la v\u00f4tre d&rsquo;une mani\u00e8re non autoris\u00e9e par la loi applicable ; ou<\/li>\n<li>exclure toute responsabilit\u00e9 de notre part ou de la v\u00f4tre qui ne peut \u00eatre exclue en vertu de la loi applicable.<\/li>\n<\/ul>\n<p>Les limitations et exclusions de responsabilit\u00e9 \u00e9nonc\u00e9es dans cette section et ailleurs dans cette clause de non-responsabilit\u00e9 : (a) sont soumises au paragraphe pr\u00e9c\u00e9dent et (b) s&rsquo;appliquent \u00e0 toutes les responsabilit\u00e9s d\u00e9coulant de la clause de non-responsabilit\u00e9 ou li\u00e9es \u00e0 l&rsquo;objet de cette clause de non-responsabilit\u00e9, y compris les responsabilit\u00e9s contractuelles, d\u00e9lictuelles et li\u00e9es \u00e0 la violation d&rsquo;obligations l\u00e9gales.  <\/p>\n<p>Tant que le site web et les informations et services qu&rsquo;il contient sont mis \u00e0 disposition gratuitement, nous d\u00e9clinons toute responsabilit\u00e9 en cas de perte ou de dommage de quelque nature que ce soit.<\/p>\n\t\t\t\t\t\t\t\t<\/div>\n\t\t\t\t<\/div>\n\t\t\t\t\t<\/div>\n\t\t<\/div>\n\t\t\t\t\t<\/div>\n\t\t<\/section>\n\t\t\t\t<section class=\"elementor-section elementor-top-section elementor-element elementor-element-93b925d elementor-section-stretched elementor-section-height-min-height elementor-section-boxed elementor-section-height-default elementor-section-items-middle\" data-id=\"93b925d\" data-element_type=\"section\" data-e-type=\"section\" data-settings=\"{&quot;stretch_section&quot;:&quot;section-stretched&quot;,&quot;shape_divider_bottom&quot;:&quot;waves&quot;,&quot;hoteller_ext_is_background_parallax&quot;:&quot;false&quot;,&quot;hoteller_ext_is_background_on_scroll&quot;:&quot;false&quot;}\">\n\t\t\t\t\t<div class=\"elementor-shape elementor-shape-bottom\" aria-hidden=\"true\" data-negative=\"false\">\n\t\t\t<svg xmlns=\"http:\/\/www.w3.org\/2000\/svg\" viewBox=\"0 0 1000 100\" preserveAspectRatio=\"none\">\n\t<path class=\"elementor-shape-fill\" d=\"M421.9,6.5c22.6-2.5,51.5,0.4,75.5,5.3c23.6,4.9,70.9,23.5,100.5,35.7c75.8,32.2,133.7,44.5,192.6,49.7\n\tc23.6,2.1,48.7,3.5,103.4-2.5c54.7-6,106.2-25.6,106.2-25.6V0H0v30.3c0,0,72,32.6,158.4,30.5c39.2-0.7,92.8-6.7,134-22.4\n\tc21.2-8.1,52.2-18.2,79.7-24.2C399.3,7.9,411.6,7.5,421.9,6.5z\"\/>\n<\/svg>\t\t<\/div>\n\t\t\t\t\t<div class=\"elementor-container elementor-column-gap-default\">\n\t\t\t\t\t<div class=\"elementor-column elementor-col-50 elementor-top-column elementor-element elementor-element-124aa8b\" data-id=\"124aa8b\" data-element_type=\"column\" data-e-type=\"column\" data-settings=\"{&quot;hoteller_ext_link_sidemenu&quot;:&quot;false&quot;,&quot;hoteller_ext_link_fullmenu&quot;:&quot;false&quot;,&quot;hoteller_ext_link_closed_fullmenu&quot;:&quot;false&quot;,&quot;hoteller_ext_is_scrollme&quot;:&quot;false&quot;,&quot;hoteller_ext_is_smoove&quot;:&quot;false&quot;,&quot;hoteller_ext_is_parallax_mouse&quot;:&quot;false&quot;,&quot;hoteller_ext_is_infinite&quot;:&quot;false&quot;,&quot;hoteller_ext_is_fadeout_animation&quot;:&quot;false&quot;,&quot;hoteller_ext_mobile_static&quot;:&quot;false&quot;}\">\n\t\t\t<div class=\"elementor-widget-wrap\">\n\t\t\t\t\t\t\t<\/div>\n\t\t<\/div>\n\t\t\t\t<div class=\"elementor-column elementor-col-50 elementor-top-column elementor-element elementor-element-62e879b\" data-id=\"62e879b\" data-element_type=\"column\" data-e-type=\"column\" data-settings=\"{&quot;hoteller_ext_link_sidemenu&quot;:&quot;false&quot;,&quot;hoteller_ext_link_fullmenu&quot;:&quot;false&quot;,&quot;hoteller_ext_link_closed_fullmenu&quot;:&quot;false&quot;,&quot;hoteller_ext_is_scrollme&quot;:&quot;false&quot;,&quot;hoteller_ext_is_smoove&quot;:&quot;false&quot;,&quot;hoteller_ext_is_parallax_mouse&quot;:&quot;false&quot;,&quot;hoteller_ext_is_infinite&quot;:&quot;false&quot;,&quot;hoteller_ext_is_fadeout_animation&quot;:&quot;false&quot;,&quot;hoteller_ext_mobile_static&quot;:&quot;false&quot;}\">\n\t\t\t<div class=\"elementor-widget-wrap\">\n\t\t\t\t\t\t\t<\/div>\n\t\t<\/div>\n\t\t\t\t\t<\/div>\n\t\t<\/section>\n\t\t\t\t<\/div>\n\t\t","protected":false},"excerpt":{"rendered":"<p>Conditions g\u00e9n\u00e9rales de vente (CGV) Bienvenue chez Vivre la vie ! Les pr\u00e9sentes conditions g\u00e9n\u00e9rales contiennent les r\u00e8gles et dispositions r\u00e9gissant l&rsquo;utilisation du site Web de Vivre la vie \u00e0 l&rsquo;adresse https:\/\/vivre-la-vie.ch. Nous consid\u00e9rons qu&rsquo;en acc\u00e9dant au site, vous acceptez [&hellip;]<\/p>\n","protected":false},"author":1,"featured_media":0,"parent":0,"menu_order":18,"comment_status":"closed","ping_status":"closed","template":"","meta":{"footnotes":""},"class_list":["post-4390","page","type-page","status-publish","hentry"],"yoast_head":"<!-- This site is optimized with the Yoast SEO plugin v27.5 - https:\/\/yoast.com\/product\/yoast-seo-wordpress\/ -->\n<title>Conditions g\u00e9n\u00e9rales de vente - Vivre-la-vie - Margrith Walther<\/title>\n<meta name=\"robots\" content=\"index, follow, max-snippet:-1, max-image-preview:large, max-video-preview:-1\" \/>\n<link rel=\"canonical\" href=\"https:\/\/vivre-la-vie.ch\/fr\/conditions-generales-de-vente\/\" \/>\n<meta property=\"og:locale\" content=\"fr_FR\" \/>\n<meta property=\"og:type\" content=\"article\" \/>\n<meta property=\"og:title\" content=\"Conditions g\u00e9n\u00e9rales de vente - Vivre-la-vie - Margrith Walther\" \/>\n<meta property=\"og:description\" content=\"Conditions g\u00e9n\u00e9rales de vente (CGV) Bienvenue chez Vivre la vie ! Les pr\u00e9sentes conditions g\u00e9n\u00e9rales contiennent les r\u00e8gles et dispositions r\u00e9gissant l&rsquo;utilisation du site Web de Vivre la vie \u00e0 l&rsquo;adresse https:\/\/vivre-la-vie.ch. Nous consid\u00e9rons qu&rsquo;en acc\u00e9dant au site, vous acceptez [&hellip;]\" \/>\n<meta property=\"og:url\" content=\"https:\/\/vivre-la-vie.ch\/fr\/conditions-generales-de-vente\/\" \/>\n<meta property=\"og:site_name\" content=\"Vivre-la-vie - Margrith Walther\" \/>\n<meta property=\"article:modified_time\" content=\"2025-02-18T13:10:53+00:00\" \/>\n<meta name=\"twitter:card\" content=\"summary_large_image\" \/>\n<meta name=\"twitter:label1\" content=\"Dur\u00e9e de lecture estim\u00e9e\" \/>\n\t<meta name=\"twitter:data1\" content=\"9 minutes\" \/>\n<script type=\"application\/ld+json\" class=\"yoast-schema-graph\">{\"@context\":\"https:\\\/\\\/schema.org\",\"@graph\":[{\"@type\":\"WebPage\",\"@id\":\"https:\\\/\\\/vivre-la-vie.ch\\\/fr\\\/conditions-generales-de-vente\\\/\",\"url\":\"https:\\\/\\\/vivre-la-vie.ch\\\/fr\\\/conditions-generales-de-vente\\\/\",\"name\":\"Conditions g\u00e9n\u00e9rales de vente - Vivre-la-vie - Margrith Walther\",\"isPartOf\":{\"@id\":\"https:\\\/\\\/vivre-la-vie.ch\\\/fr\\\/#website\"},\"datePublished\":\"2024-06-17T13:43:56+00:00\",\"dateModified\":\"2025-02-18T13:10:53+00:00\",\"breadcrumb\":{\"@id\":\"https:\\\/\\\/vivre-la-vie.ch\\\/fr\\\/conditions-generales-de-vente\\\/#breadcrumb\"},\"inLanguage\":\"fr-FR\",\"potentialAction\":[{\"@type\":\"ReadAction\",\"target\":[\"https:\\\/\\\/vivre-la-vie.ch\\\/fr\\\/conditions-generales-de-vente\\\/\"]}]},{\"@type\":\"BreadcrumbList\",\"@id\":\"https:\\\/\\\/vivre-la-vie.ch\\\/fr\\\/conditions-generales-de-vente\\\/#breadcrumb\",\"itemListElement\":[{\"@type\":\"ListItem\",\"position\":1,\"name\":\"Startseite\",\"item\":\"https:\\\/\\\/vivre-la-vie.ch\\\/fr\\\/\"},{\"@type\":\"ListItem\",\"position\":2,\"name\":\"Conditions g\u00e9n\u00e9rales de vente\"}]},{\"@type\":\"WebSite\",\"@id\":\"https:\\\/\\\/vivre-la-vie.ch\\\/fr\\\/#website\",\"url\":\"https:\\\/\\\/vivre-la-vie.ch\\\/fr\\\/\",\"name\":\"Vivre-la-vie - Margrith Walther\",\"description\":\"Lebe Dein Leben\",\"potentialAction\":[{\"@type\":\"SearchAction\",\"target\":{\"@type\":\"EntryPoint\",\"urlTemplate\":\"https:\\\/\\\/vivre-la-vie.ch\\\/fr\\\/?s={search_term_string}\"},\"query-input\":{\"@type\":\"PropertyValueSpecification\",\"valueRequired\":true,\"valueName\":\"search_term_string\"}}],\"inLanguage\":\"fr-FR\"}]}<\/script>\n<!-- \/ Yoast SEO plugin. -->","yoast_head_json":{"title":"Conditions g\u00e9n\u00e9rales de vente - Vivre-la-vie - Margrith Walther","robots":{"index":"index","follow":"follow","max-snippet":"max-snippet:-1","max-image-preview":"max-image-preview:large","max-video-preview":"max-video-preview:-1"},"canonical":"https:\/\/vivre-la-vie.ch\/fr\/conditions-generales-de-vente\/","og_locale":"fr_FR","og_type":"article","og_title":"Conditions g\u00e9n\u00e9rales de vente - Vivre-la-vie - Margrith Walther","og_description":"Conditions g\u00e9n\u00e9rales de vente (CGV) Bienvenue chez Vivre la vie ! Les pr\u00e9sentes conditions g\u00e9n\u00e9rales contiennent les r\u00e8gles et dispositions r\u00e9gissant l&rsquo;utilisation du site Web de Vivre la vie \u00e0 l&rsquo;adresse https:\/\/vivre-la-vie.ch. Nous consid\u00e9rons qu&rsquo;en acc\u00e9dant au site, vous acceptez [&hellip;]","og_url":"https:\/\/vivre-la-vie.ch\/fr\/conditions-generales-de-vente\/","og_site_name":"Vivre-la-vie - Margrith Walther","article_modified_time":"2025-02-18T13:10:53+00:00","twitter_card":"summary_large_image","twitter_misc":{"Dur\u00e9e de lecture estim\u00e9e":"9 minutes"},"schema":{"@context":"https:\/\/schema.org","@graph":[{"@type":"WebPage","@id":"https:\/\/vivre-la-vie.ch\/fr\/conditions-generales-de-vente\/","url":"https:\/\/vivre-la-vie.ch\/fr\/conditions-generales-de-vente\/","name":"Conditions g\u00e9n\u00e9rales de vente - Vivre-la-vie - Margrith Walther","isPartOf":{"@id":"https:\/\/vivre-la-vie.ch\/fr\/#website"},"datePublished":"2024-06-17T13:43:56+00:00","dateModified":"2025-02-18T13:10:53+00:00","breadcrumb":{"@id":"https:\/\/vivre-la-vie.ch\/fr\/conditions-generales-de-vente\/#breadcrumb"},"inLanguage":"fr-FR","potentialAction":[{"@type":"ReadAction","target":["https:\/\/vivre-la-vie.ch\/fr\/conditions-generales-de-vente\/"]}]},{"@type":"BreadcrumbList","@id":"https:\/\/vivre-la-vie.ch\/fr\/conditions-generales-de-vente\/#breadcrumb","itemListElement":[{"@type":"ListItem","position":1,"name":"Startseite","item":"https:\/\/vivre-la-vie.ch\/fr\/"},{"@type":"ListItem","position":2,"name":"Conditions g\u00e9n\u00e9rales de vente"}]},{"@type":"WebSite","@id":"https:\/\/vivre-la-vie.ch\/fr\/#website","url":"https:\/\/vivre-la-vie.ch\/fr\/","name":"Vivre-la-vie - Margrith Walther","description":"Lebe Dein Leben","potentialAction":[{"@type":"SearchAction","target":{"@type":"EntryPoint","urlTemplate":"https:\/\/vivre-la-vie.ch\/fr\/?s={search_term_string}"},"query-input":{"@type":"PropertyValueSpecification","valueRequired":true,"valueName":"search_term_string"}}],"inLanguage":"fr-FR"}]}},"_links":{"self":[{"href":"https:\/\/vivre-la-vie.ch\/fr\/wp-json\/wp\/v2\/pages\/4390","targetHints":{"allow":["GET"]}}],"collection":[{"href":"https:\/\/vivre-la-vie.ch\/fr\/wp-json\/wp\/v2\/pages"}],"about":[{"href":"https:\/\/vivre-la-vie.ch\/fr\/wp-json\/wp\/v2\/types\/page"}],"author":[{"embeddable":true,"href":"https:\/\/vivre-la-vie.ch\/fr\/wp-json\/wp\/v2\/users\/1"}],"replies":[{"embeddable":true,"href":"https:\/\/vivre-la-vie.ch\/fr\/wp-json\/wp\/v2\/comments?post=4390"}],"version-history":[{"count":0,"href":"https:\/\/vivre-la-vie.ch\/fr\/wp-json\/wp\/v2\/pages\/4390\/revisions"}],"wp:attachment":[{"href":"https:\/\/vivre-la-vie.ch\/fr\/wp-json\/wp\/v2\/media?parent=4390"}],"curies":[{"name":"wp","href":"https:\/\/api.w.org\/{rel}","templated":true}]}}