{"id":4397,"date":"2024-06-19T11:19:12","date_gmt":"2024-06-19T09:19:12","guid":{"rendered":"https:\/\/entwicklung.vivre-la-vie.ch\/offres-en-cas-de-diagnostics-graves-ou-de-deces\/"},"modified":"2025-02-18T14:10:57","modified_gmt":"2025-02-18T13:10:57","slug":"offres-en-cas-de-diagnostics-graves-ou-de-deces","status":"publish","type":"page","link":"https:\/\/vivre-la-vie.ch\/fr\/bien-etre-de-lame\/offres-en-cas-de-diagnostics-graves-ou-de-deces\/","title":{"rendered":"Offres en cas de diagnostics graves ou de d\u00e9c\u00e8s"},"content":{"rendered":"\t\t<div data-elementor-type=\"wp-post\" data-elementor-id=\"4397\" class=\"elementor elementor-4397 elementor-4084\" data-elementor-post-type=\"page\">\n\t\t\t\t<div class=\"elementor-element elementor-element-fd2dc6d e-flex e-con-boxed e-con e-parent\" data-id=\"fd2dc6d\" data-element_type=\"container\" data-e-type=\"container\" data-settings=\"{&quot;hoteller_ext_is_background_parallax&quot;:&quot;false&quot;,&quot;hoteller_ext_is_background_on_scroll&quot;:&quot;false&quot;,&quot;hoteller_ext_link_sidemenu&quot;:&quot;false&quot;,&quot;hoteller_ext_link_fullmenu&quot;:&quot;false&quot;,&quot;hoteller_ext_link_closed_fullmenu&quot;:&quot;false&quot;,&quot;hoteller_ext_is_scrollme&quot;:&quot;false&quot;,&quot;hoteller_ext_is_smoove&quot;:&quot;false&quot;,&quot;hoteller_ext_is_parallax_mouse&quot;:&quot;false&quot;,&quot;hoteller_ext_is_infinite&quot;:&quot;false&quot;,&quot;hoteller_ext_is_fadeout_animation&quot;:&quot;false&quot;,&quot;hoteller_ext_mobile_static&quot;:&quot;false&quot;}\">\n\t\t\t\t\t<div class=\"e-con-inner\">\n\t\t<div class=\"elementor-element elementor-element-4b14895 e-con-full e-flex e-con e-child\" data-id=\"4b14895\" data-element_type=\"container\" data-e-type=\"container\" data-settings=\"{&quot;hoteller_ext_is_background_parallax&quot;:&quot;false&quot;,&quot;hoteller_ext_is_background_on_scroll&quot;:&quot;false&quot;,&quot;hoteller_ext_link_sidemenu&quot;:&quot;false&quot;,&quot;hoteller_ext_link_fullmenu&quot;:&quot;false&quot;,&quot;hoteller_ext_link_closed_fullmenu&quot;:&quot;false&quot;,&quot;hoteller_ext_is_scrollme&quot;:&quot;false&quot;,&quot;hoteller_ext_is_smoove&quot;:&quot;false&quot;,&quot;hoteller_ext_is_parallax_mouse&quot;:&quot;false&quot;,&quot;hoteller_ext_is_infinite&quot;:&quot;false&quot;,&quot;hoteller_ext_is_fadeout_animation&quot;:&quot;false&quot;,&quot;hoteller_ext_mobile_static&quot;:&quot;false&quot;}\">\n\t\t\t\t<div class=\"elementor-element elementor-element-b4eb480 elementor-widget elementor-widget-heading\" data-id=\"b4eb480\" data-element_type=\"widget\" data-e-type=\"widget\" data-settings=\"{&quot;hoteller_ext_link_sidemenu&quot;:&quot;false&quot;,&quot;hoteller_ext_link_fullmenu&quot;:&quot;false&quot;,&quot;hoteller_ext_link_closed_fullmenu&quot;:&quot;false&quot;,&quot;hoteller_ext_is_scrollme&quot;:&quot;false&quot;,&quot;hoteller_ext_is_smoove&quot;:&quot;false&quot;,&quot;hoteller_ext_is_parallax_mouse&quot;:&quot;false&quot;,&quot;hoteller_ext_is_infinite&quot;:&quot;false&quot;,&quot;hoteller_ext_is_fadeout_animation&quot;:&quot;false&quot;,&quot;hoteller_ext_mobile_static&quot;:&quot;false&quot;}\" data-widget_type=\"heading.default\">\n\t\t\t\t<div class=\"elementor-widget-container\">\n\t\t\t\t\t<h2 class=\"elementor-heading-title elementor-size-default\">Offres en cas de diagnostics graves ou de d\u00e9c\u00e8s<\/h2>\t\t\t\t<\/div>\n\t\t\t\t<\/div>\n\t\t\t\t<div class=\"elementor-element elementor-element-483a291 elementor-widget elementor-widget-text-editor\" data-id=\"483a291\" data-element_type=\"widget\" data-e-type=\"widget\" data-settings=\"{&quot;hoteller_ext_link_sidemenu&quot;:&quot;false&quot;,&quot;hoteller_ext_link_fullmenu&quot;:&quot;false&quot;,&quot;hoteller_ext_link_closed_fullmenu&quot;:&quot;false&quot;,&quot;hoteller_ext_is_scrollme&quot;:&quot;false&quot;,&quot;hoteller_ext_is_smoove&quot;:&quot;false&quot;,&quot;hoteller_ext_is_parallax_mouse&quot;:&quot;false&quot;,&quot;hoteller_ext_is_infinite&quot;:&quot;false&quot;,&quot;hoteller_ext_is_fadeout_animation&quot;:&quot;false&quot;,&quot;hoteller_ext_mobile_static&quot;:&quot;false&quot;}\" data-widget_type=\"text-editor.default\">\n\t\t\t\t<div class=\"elementor-widget-container\">\n\t\t\t\t\t\t\t\t\t<p>Parfois, nous ressentons le besoin d&rsquo;une offre un peu diff\u00e9rente et personnalis\u00e9e.<\/p>\n<p>En tant qu&rsquo;accompagnatrice en deuil et en fin de vie, je terminerai en 2024 une formation et une certification sp\u00e9cialis\u00e9es dans l&rsquo;accompagnement des personnes en fin de vie et dans la gestion du deuil.<\/p>\n<p>Les t\u00e2ches d&rsquo;un accompagnateur en fin de vie dipl\u00f4m\u00e9 peuvent inclure le soutien \u00e9motionnel des personnes en fin de vie et de leurs familles ainsi que l&rsquo;organisation de rituels d&rsquo;adieu. Ils peuvent \u00e9galement offrir un soutien dans la recherche spirituelle et existentielle de sens et de signification dans la phase finale de la vie. La communication avec les mourants et les personnes endeuill\u00e9es, les aspects \u00e9thiques de l&rsquo;accompagnement en fin de vie et les soins personnels pour les accompagnants font \u00e9galement partie de ce programme.<\/p>\n<p>Il y a des moments o\u00f9 l&rsquo;on a besoin du silence et de la dignit\u00e9 des animaux pour s&rsquo;orienter dans la vie. Dans mon cabinet, mais aussi \u00e0 l&rsquo;ext\u00e9rieur dans la nature, en compagnie de mes animaux si vous le souhaitez, je propose un soutien aux personnes en fin de vie et \u00e0 leurs familles, ainsi qu&rsquo;aux personnes qui ont v\u00e9cu une perte. Je me tiens \u00e0 votre disposition pour un entretien personnel.<\/p>\n\t\t\t\t\t\t\t\t<\/div>\n\t\t\t\t<\/div>\n\t\t\t\t<\/div>\n\t\t<div class=\"elementor-element elementor-element-45c0cde e-con-full e-flex e-con e-child\" data-id=\"45c0cde\" data-element_type=\"container\" data-e-type=\"container\" data-settings=\"{&quot;hoteller_ext_is_background_parallax&quot;:&quot;false&quot;,&quot;hoteller_ext_is_background_on_scroll&quot;:&quot;false&quot;,&quot;hoteller_ext_link_sidemenu&quot;:&quot;false&quot;,&quot;hoteller_ext_link_fullmenu&quot;:&quot;false&quot;,&quot;hoteller_ext_link_closed_fullmenu&quot;:&quot;false&quot;,&quot;hoteller_ext_is_scrollme&quot;:&quot;false&quot;,&quot;hoteller_ext_is_smoove&quot;:&quot;false&quot;,&quot;hoteller_ext_is_parallax_mouse&quot;:&quot;false&quot;,&quot;hoteller_ext_is_infinite&quot;:&quot;false&quot;,&quot;hoteller_ext_is_fadeout_animation&quot;:&quot;false&quot;,&quot;hoteller_ext_mobile_static&quot;:&quot;false&quot;}\">\n\t\t\t\t<div class=\"elementor-element elementor-element-8849cd4 elementor-widget elementor-widget-image\" data-id=\"8849cd4\" data-element_type=\"widget\" data-e-type=\"widget\" data-settings=\"{&quot;hoteller_image_is_animation&quot;:&quot;false&quot;,&quot;hoteller_ext_link_sidemenu&quot;:&quot;false&quot;,&quot;hoteller_ext_link_fullmenu&quot;:&quot;false&quot;,&quot;hoteller_ext_link_closed_fullmenu&quot;:&quot;false&quot;,&quot;hoteller_ext_is_scrollme&quot;:&quot;false&quot;,&quot;hoteller_ext_is_smoove&quot;:&quot;false&quot;,&quot;hoteller_ext_is_parallax_mouse&quot;:&quot;false&quot;,&quot;hoteller_ext_is_infinite&quot;:&quot;false&quot;,&quot;hoteller_ext_is_fadeout_animation&quot;:&quot;false&quot;,&quot;hoteller_ext_mobile_static&quot;:&quot;false&quot;}\" data-widget_type=\"image.default\">\n\t\t\t\t<div class=\"elementor-widget-container\">\n\t\t\t\t\t\t\t\t\t\t\t\t\t\t\t<img fetchpriority=\"high\" decoding=\"async\" width=\"1024\" height=\"702\" src=\"https:\/\/vivre-la-vie.ch\/wp-content\/uploads\/2024\/06\/bank.jpg\" class=\"elementor-animation-grow attachment-large size-large wp-image-4279\" alt=\"\" srcset=\"https:\/\/vivre-la-vie.ch\/wp-content\/uploads\/2024\/06\/bank.jpg 1024w, https:\/\/vivre-la-vie.ch\/wp-content\/uploads\/2024\/06\/bank-300x206.jpg 300w, https:\/\/vivre-la-vie.ch\/wp-content\/uploads\/2024\/06\/bank-768x527.jpg 768w, https:\/\/vivre-la-vie.ch\/wp-content\/uploads\/2024\/06\/bank-440x302.jpg 440w, https:\/\/vivre-la-vie.ch\/wp-content\/uploads\/2024\/06\/bank-600x411.jpg 600w\" sizes=\"(max-width: 1024px) 100vw, 1024px\" \/>\t\t\t\t\t\t\t\t\t\t\t\t\t\t\t<\/div>\n\t\t\t\t<\/div>\n\t\t\t\t<\/div>\n\t\t\t\t\t<\/div>\n\t\t\t\t<\/div>\n\t\t\t\t<section class=\"elementor-section elementor-top-section elementor-element elementor-element-93b925d elementor-section-stretched elementor-section-height-min-height elementor-section-boxed elementor-section-height-default elementor-section-items-middle\" data-id=\"93b925d\" data-element_type=\"section\" data-e-type=\"section\" data-settings=\"{&quot;stretch_section&quot;:&quot;section-stretched&quot;,&quot;shape_divider_bottom&quot;:&quot;waves&quot;,&quot;hoteller_ext_is_background_parallax&quot;:&quot;false&quot;,&quot;hoteller_ext_is_background_on_scroll&quot;:&quot;false&quot;}\">\n\t\t\t\t\t<div class=\"elementor-shape elementor-shape-bottom\" aria-hidden=\"true\" data-negative=\"false\">\n\t\t\t<svg xmlns=\"http:\/\/www.w3.org\/2000\/svg\" viewBox=\"0 0 1000 100\" preserveAspectRatio=\"none\">\n\t<path class=\"elementor-shape-fill\" d=\"M421.9,6.5c22.6-2.5,51.5,0.4,75.5,5.3c23.6,4.9,70.9,23.5,100.5,35.7c75.8,32.2,133.7,44.5,192.6,49.7\n\tc23.6,2.1,48.7,3.5,103.4-2.5c54.7-6,106.2-25.6,106.2-25.6V0H0v30.3c0,0,72,32.6,158.4,30.5c39.2-0.7,92.8-6.7,134-22.4\n\tc21.2-8.1,52.2-18.2,79.7-24.2C399.3,7.9,411.6,7.5,421.9,6.5z\"\/>\n<\/svg>\t\t<\/div>\n\t\t\t\t\t<div class=\"elementor-container elementor-column-gap-default\">\n\t\t\t\t\t<div class=\"elementor-column elementor-col-50 elementor-top-column elementor-element elementor-element-124aa8b\" data-id=\"124aa8b\" data-element_type=\"column\" data-e-type=\"column\" data-settings=\"{&quot;hoteller_ext_link_sidemenu&quot;:&quot;false&quot;,&quot;hoteller_ext_link_fullmenu&quot;:&quot;false&quot;,&quot;hoteller_ext_link_closed_fullmenu&quot;:&quot;false&quot;,&quot;hoteller_ext_is_scrollme&quot;:&quot;false&quot;,&quot;hoteller_ext_is_smoove&quot;:&quot;false&quot;,&quot;hoteller_ext_is_parallax_mouse&quot;:&quot;false&quot;,&quot;hoteller_ext_is_infinite&quot;:&quot;false&quot;,&quot;hoteller_ext_is_fadeout_animation&quot;:&quot;false&quot;,&quot;hoteller_ext_mobile_static&quot;:&quot;false&quot;}\">\n\t\t\t<div class=\"elementor-widget-wrap\">\n\t\t\t\t\t\t\t<\/div>\n\t\t<\/div>\n\t\t\t\t<div class=\"elementor-column elementor-col-50 elementor-top-column elementor-element elementor-element-62e879b\" data-id=\"62e879b\" data-element_type=\"column\" data-e-type=\"column\" data-settings=\"{&quot;hoteller_ext_link_sidemenu&quot;:&quot;false&quot;,&quot;hoteller_ext_link_fullmenu&quot;:&quot;false&quot;,&quot;hoteller_ext_link_closed_fullmenu&quot;:&quot;false&quot;,&quot;hoteller_ext_is_scrollme&quot;:&quot;false&quot;,&quot;hoteller_ext_is_smoove&quot;:&quot;false&quot;,&quot;hoteller_ext_is_parallax_mouse&quot;:&quot;false&quot;,&quot;hoteller_ext_is_infinite&quot;:&quot;false&quot;,&quot;hoteller_ext_is_fadeout_animation&quot;:&quot;false&quot;,&quot;hoteller_ext_mobile_static&quot;:&quot;false&quot;}\">\n\t\t\t<div class=\"elementor-widget-wrap\">\n\t\t\t\t\t\t\t<\/div>\n\t\t<\/div>\n\t\t\t\t\t<\/div>\n\t\t<\/section>\n\t\t\t\t<\/div>\n\t\t","protected":false},"excerpt":{"rendered":"<p>Offres en cas de diagnostics graves ou de d\u00e9c\u00e8s Parfois, nous ressentons le besoin d&rsquo;une offre un peu diff\u00e9rente et personnalis\u00e9e. En tant qu&rsquo;accompagnatrice en deuil et en fin de vie, je terminerai en 2024 une formation et une certification [&hellip;]<\/p>\n","protected":false},"author":1,"featured_media":0,"parent":4415,"menu_order":18,"comment_status":"closed","ping_status":"closed","template":"","meta":{"footnotes":""},"class_list":["post-4397","page","type-page","status-publish","hentry"],"yoast_head":"<!-- This site is optimized with the Yoast SEO plugin v27.5 - https:\/\/yoast.com\/product\/yoast-seo-wordpress\/ -->\n<title>Offres en cas de diagnostics graves ou de d\u00e9c\u00e8s - Vivre-la-vie - Margrith Walther<\/title>\n<meta name=\"robots\" content=\"index, follow, max-snippet:-1, max-image-preview:large, max-video-preview:-1\" \/>\n<link rel=\"canonical\" href=\"https:\/\/vivre-la-vie.ch\/fr\/bien-etre-de-lame\/offres-en-cas-de-diagnostics-graves-ou-de-deces\/\" \/>\n<meta property=\"og:locale\" content=\"fr_FR\" \/>\n<meta property=\"og:type\" content=\"article\" \/>\n<meta property=\"og:title\" content=\"Offres en cas de diagnostics graves ou de d\u00e9c\u00e8s - Vivre-la-vie - Margrith Walther\" \/>\n<meta property=\"og:description\" content=\"Offres en cas de diagnostics graves ou de d\u00e9c\u00e8s Parfois, nous ressentons le besoin d&rsquo;une offre un peu diff\u00e9rente et personnalis\u00e9e. En tant qu&rsquo;accompagnatrice en deuil et en fin de vie, je terminerai en 2024 une formation et une certification [&hellip;]\" \/>\n<meta property=\"og:url\" content=\"https:\/\/vivre-la-vie.ch\/fr\/bien-etre-de-lame\/offres-en-cas-de-diagnostics-graves-ou-de-deces\/\" \/>\n<meta property=\"og:site_name\" content=\"Vivre-la-vie - Margrith Walther\" \/>\n<meta property=\"article:modified_time\" content=\"2025-02-18T13:10:57+00:00\" \/>\n<meta property=\"og:image\" content=\"https:\/\/vivre-la-vie.ch\/wp-content\/uploads\/2024\/06\/bank.jpg\" \/>\n\t<meta property=\"og:image:width\" content=\"1024\" \/>\n\t<meta property=\"og:image:height\" content=\"702\" \/>\n\t<meta property=\"og:image:type\" content=\"image\/jpeg\" \/>\n<meta name=\"twitter:card\" content=\"summary_large_image\" \/>\n<meta name=\"twitter:label1\" content=\"Dur\u00e9e de lecture estim\u00e9e\" \/>\n\t<meta name=\"twitter:data1\" content=\"1 minute\" \/>\n<script type=\"application\/ld+json\" class=\"yoast-schema-graph\">{\"@context\":\"https:\\\/\\\/schema.org\",\"@graph\":[{\"@type\":\"WebPage\",\"@id\":\"https:\\\/\\\/vivre-la-vie.ch\\\/fr\\\/bien-etre-de-lame\\\/offres-en-cas-de-diagnostics-graves-ou-de-deces\\\/\",\"url\":\"https:\\\/\\\/vivre-la-vie.ch\\\/fr\\\/bien-etre-de-lame\\\/offres-en-cas-de-diagnostics-graves-ou-de-deces\\\/\",\"name\":\"Offres en cas de diagnostics graves ou de d\u00e9c\u00e8s - Vivre-la-vie - Margrith Walther\",\"isPartOf\":{\"@id\":\"https:\\\/\\\/vivre-la-vie.ch\\\/fr\\\/#website\"},\"primaryImageOfPage\":{\"@id\":\"https:\\\/\\\/vivre-la-vie.ch\\\/fr\\\/bien-etre-de-lame\\\/offres-en-cas-de-diagnostics-graves-ou-de-deces\\\/#primaryimage\"},\"image\":{\"@id\":\"https:\\\/\\\/vivre-la-vie.ch\\\/fr\\\/bien-etre-de-lame\\\/offres-en-cas-de-diagnostics-graves-ou-de-deces\\\/#primaryimage\"},\"thumbnailUrl\":\"https:\\\/\\\/vivre-la-vie.ch\\\/wp-content\\\/uploads\\\/2024\\\/06\\\/bank.jpg\",\"datePublished\":\"2024-06-19T09:19:12+00:00\",\"dateModified\":\"2025-02-18T13:10:57+00:00\",\"breadcrumb\":{\"@id\":\"https:\\\/\\\/vivre-la-vie.ch\\\/fr\\\/bien-etre-de-lame\\\/offres-en-cas-de-diagnostics-graves-ou-de-deces\\\/#breadcrumb\"},\"inLanguage\":\"fr-FR\",\"potentialAction\":[{\"@type\":\"ReadAction\",\"target\":[\"https:\\\/\\\/vivre-la-vie.ch\\\/fr\\\/bien-etre-de-lame\\\/offres-en-cas-de-diagnostics-graves-ou-de-deces\\\/\"]}]},{\"@type\":\"ImageObject\",\"inLanguage\":\"fr-FR\",\"@id\":\"https:\\\/\\\/vivre-la-vie.ch\\\/fr\\\/bien-etre-de-lame\\\/offres-en-cas-de-diagnostics-graves-ou-de-deces\\\/#primaryimage\",\"url\":\"https:\\\/\\\/vivre-la-vie.ch\\\/wp-content\\\/uploads\\\/2024\\\/06\\\/bank.jpg\",\"contentUrl\":\"https:\\\/\\\/vivre-la-vie.ch\\\/wp-content\\\/uploads\\\/2024\\\/06\\\/bank.jpg\"},{\"@type\":\"BreadcrumbList\",\"@id\":\"https:\\\/\\\/vivre-la-vie.ch\\\/fr\\\/bien-etre-de-lame\\\/offres-en-cas-de-diagnostics-graves-ou-de-deces\\\/#breadcrumb\",\"itemListElement\":[{\"@type\":\"ListItem\",\"position\":1,\"name\":\"Startseite\",\"item\":\"https:\\\/\\\/vivre-la-vie.ch\\\/fr\\\/\"},{\"@type\":\"ListItem\",\"position\":2,\"name\":\"Bien-\u00eatre de l&rsquo;\u00e2me\",\"item\":\"https:\\\/\\\/vivre-la-vie.ch\\\/fr\\\/bien-etre-de-lame\\\/\"},{\"@type\":\"ListItem\",\"position\":3,\"name\":\"Offres en cas de diagnostics graves ou de d\u00e9c\u00e8s\"}]},{\"@type\":\"WebSite\",\"@id\":\"https:\\\/\\\/vivre-la-vie.ch\\\/fr\\\/#website\",\"url\":\"https:\\\/\\\/vivre-la-vie.ch\\\/fr\\\/\",\"name\":\"Vivre-la-vie - Margrith Walther\",\"description\":\"Lebe Dein Leben\",\"potentialAction\":[{\"@type\":\"SearchAction\",\"target\":{\"@type\":\"EntryPoint\",\"urlTemplate\":\"https:\\\/\\\/vivre-la-vie.ch\\\/fr\\\/?s={search_term_string}\"},\"query-input\":{\"@type\":\"PropertyValueSpecification\",\"valueRequired\":true,\"valueName\":\"search_term_string\"}}],\"inLanguage\":\"fr-FR\"}]}<\/script>\n<!-- \/ Yoast SEO plugin. -->","yoast_head_json":{"title":"Offres en cas de diagnostics graves ou de d\u00e9c\u00e8s - Vivre-la-vie - Margrith Walther","robots":{"index":"index","follow":"follow","max-snippet":"max-snippet:-1","max-image-preview":"max-image-preview:large","max-video-preview":"max-video-preview:-1"},"canonical":"https:\/\/vivre-la-vie.ch\/fr\/bien-etre-de-lame\/offres-en-cas-de-diagnostics-graves-ou-de-deces\/","og_locale":"fr_FR","og_type":"article","og_title":"Offres en cas de diagnostics graves ou de d\u00e9c\u00e8s - Vivre-la-vie - Margrith Walther","og_description":"Offres en cas de diagnostics graves ou de d\u00e9c\u00e8s Parfois, nous ressentons le besoin d&rsquo;une offre un peu diff\u00e9rente et personnalis\u00e9e. En tant qu&rsquo;accompagnatrice en deuil et en fin de vie, je terminerai en 2024 une formation et une certification [&hellip;]","og_url":"https:\/\/vivre-la-vie.ch\/fr\/bien-etre-de-lame\/offres-en-cas-de-diagnostics-graves-ou-de-deces\/","og_site_name":"Vivre-la-vie - Margrith Walther","article_modified_time":"2025-02-18T13:10:57+00:00","og_image":[{"width":1024,"height":702,"url":"https:\/\/vivre-la-vie.ch\/wp-content\/uploads\/2024\/06\/bank.jpg","type":"image\/jpeg"}],"twitter_card":"summary_large_image","twitter_misc":{"Dur\u00e9e de lecture estim\u00e9e":"1 minute"},"schema":{"@context":"https:\/\/schema.org","@graph":[{"@type":"WebPage","@id":"https:\/\/vivre-la-vie.ch\/fr\/bien-etre-de-lame\/offres-en-cas-de-diagnostics-graves-ou-de-deces\/","url":"https:\/\/vivre-la-vie.ch\/fr\/bien-etre-de-lame\/offres-en-cas-de-diagnostics-graves-ou-de-deces\/","name":"Offres en cas de diagnostics graves ou de d\u00e9c\u00e8s - Vivre-la-vie - Margrith Walther","isPartOf":{"@id":"https:\/\/vivre-la-vie.ch\/fr\/#website"},"primaryImageOfPage":{"@id":"https:\/\/vivre-la-vie.ch\/fr\/bien-etre-de-lame\/offres-en-cas-de-diagnostics-graves-ou-de-deces\/#primaryimage"},"image":{"@id":"https:\/\/vivre-la-vie.ch\/fr\/bien-etre-de-lame\/offres-en-cas-de-diagnostics-graves-ou-de-deces\/#primaryimage"},"thumbnailUrl":"https:\/\/vivre-la-vie.ch\/wp-content\/uploads\/2024\/06\/bank.jpg","datePublished":"2024-06-19T09:19:12+00:00","dateModified":"2025-02-18T13:10:57+00:00","breadcrumb":{"@id":"https:\/\/vivre-la-vie.ch\/fr\/bien-etre-de-lame\/offres-en-cas-de-diagnostics-graves-ou-de-deces\/#breadcrumb"},"inLanguage":"fr-FR","potentialAction":[{"@type":"ReadAction","target":["https:\/\/vivre-la-vie.ch\/fr\/bien-etre-de-lame\/offres-en-cas-de-diagnostics-graves-ou-de-deces\/"]}]},{"@type":"ImageObject","inLanguage":"fr-FR","@id":"https:\/\/vivre-la-vie.ch\/fr\/bien-etre-de-lame\/offres-en-cas-de-diagnostics-graves-ou-de-deces\/#primaryimage","url":"https:\/\/vivre-la-vie.ch\/wp-content\/uploads\/2024\/06\/bank.jpg","contentUrl":"https:\/\/vivre-la-vie.ch\/wp-content\/uploads\/2024\/06\/bank.jpg"},{"@type":"BreadcrumbList","@id":"https:\/\/vivre-la-vie.ch\/fr\/bien-etre-de-lame\/offres-en-cas-de-diagnostics-graves-ou-de-deces\/#breadcrumb","itemListElement":[{"@type":"ListItem","position":1,"name":"Startseite","item":"https:\/\/vivre-la-vie.ch\/fr\/"},{"@type":"ListItem","position":2,"name":"Bien-\u00eatre de l&rsquo;\u00e2me","item":"https:\/\/vivre-la-vie.ch\/fr\/bien-etre-de-lame\/"},{"@type":"ListItem","position":3,"name":"Offres en cas de diagnostics graves ou de d\u00e9c\u00e8s"}]},{"@type":"WebSite","@id":"https:\/\/vivre-la-vie.ch\/fr\/#website","url":"https:\/\/vivre-la-vie.ch\/fr\/","name":"Vivre-la-vie - Margrith Walther","description":"Lebe Dein Leben","potentialAction":[{"@type":"SearchAction","target":{"@type":"EntryPoint","urlTemplate":"https:\/\/vivre-la-vie.ch\/fr\/?s={search_term_string}"},"query-input":{"@type":"PropertyValueSpecification","valueRequired":true,"valueName":"search_term_string"}}],"inLanguage":"fr-FR"}]}},"_links":{"self":[{"href":"https:\/\/vivre-la-vie.ch\/fr\/wp-json\/wp\/v2\/pages\/4397","targetHints":{"allow":["GET"]}}],"collection":[{"href":"https:\/\/vivre-la-vie.ch\/fr\/wp-json\/wp\/v2\/pages"}],"about":[{"href":"https:\/\/vivre-la-vie.ch\/fr\/wp-json\/wp\/v2\/types\/page"}],"author":[{"embeddable":true,"href":"https:\/\/vivre-la-vie.ch\/fr\/wp-json\/wp\/v2\/users\/1"}],"replies":[{"embeddable":true,"href":"https:\/\/vivre-la-vie.ch\/fr\/wp-json\/wp\/v2\/comments?post=4397"}],"version-history":[{"count":0,"href":"https:\/\/vivre-la-vie.ch\/fr\/wp-json\/wp\/v2\/pages\/4397\/revisions"}],"up":[{"embeddable":true,"href":"https:\/\/vivre-la-vie.ch\/fr\/wp-json\/wp\/v2\/pages\/4415"}],"wp:attachment":[{"href":"https:\/\/vivre-la-vie.ch\/fr\/wp-json\/wp\/v2\/media?parent=4397"}],"curies":[{"name":"wp","href":"https:\/\/api.w.org\/{rel}","templated":true}]}}