{"id":4405,"date":"2024-06-17T15:12:50","date_gmt":"2024-06-17T13:12:50","guid":{"rendered":"https:\/\/entwicklung.vivre-la-vie.ch\/en-route\/"},"modified":"2025-02-18T14:10:57","modified_gmt":"2025-02-18T13:10:57","slug":"en-route","status":"publish","type":"page","link":"https:\/\/vivre-la-vie.ch\/fr\/en-route\/","title":{"rendered":"En route&#8230;"},"content":{"rendered":"\t\t<div data-elementor-type=\"wp-post\" data-elementor-id=\"4405\" class=\"elementor elementor-4405 elementor-3808\" data-elementor-post-type=\"page\">\n\t\t\t\t\t\t<section class=\"elementor-section elementor-top-section elementor-element elementor-element-fe5f11f elementor-section-boxed elementor-section-height-default elementor-section-height-default\" data-id=\"fe5f11f\" data-element_type=\"section\" data-e-type=\"section\" data-settings=\"{&quot;hoteller_ext_is_background_parallax&quot;:&quot;false&quot;,&quot;hoteller_ext_is_background_on_scroll&quot;:&quot;false&quot;}\">\n\t\t\t\t\t\t<div class=\"elementor-container elementor-column-gap-default\">\n\t\t\t\t\t<div class=\"elementor-column elementor-col-100 elementor-top-column elementor-element elementor-element-4190d2c\" data-id=\"4190d2c\" data-element_type=\"column\" data-e-type=\"column\" data-settings=\"{&quot;hoteller_ext_link_sidemenu&quot;:&quot;false&quot;,&quot;hoteller_ext_link_fullmenu&quot;:&quot;false&quot;,&quot;hoteller_ext_link_closed_fullmenu&quot;:&quot;false&quot;,&quot;hoteller_ext_is_scrollme&quot;:&quot;false&quot;,&quot;hoteller_ext_is_smoove&quot;:&quot;false&quot;,&quot;hoteller_ext_is_parallax_mouse&quot;:&quot;false&quot;,&quot;hoteller_ext_is_infinite&quot;:&quot;false&quot;,&quot;hoteller_ext_is_fadeout_animation&quot;:&quot;false&quot;,&quot;hoteller_ext_mobile_static&quot;:&quot;false&quot;}\">\n\t\t\t<div class=\"elementor-widget-wrap elementor-element-populated\">\n\t\t\t\t\t\t<div class=\"elementor-element elementor-element-1d4d554 elementor-invisible elementor-widget elementor-widget-heading\" data-id=\"1d4d554\" data-element_type=\"widget\" data-e-type=\"widget\" data-settings=\"{&quot;_animation&quot;:&quot;fadeIn&quot;,&quot;hoteller_ext_link_sidemenu&quot;:&quot;false&quot;,&quot;hoteller_ext_link_fullmenu&quot;:&quot;false&quot;,&quot;hoteller_ext_link_closed_fullmenu&quot;:&quot;false&quot;,&quot;hoteller_ext_is_scrollme&quot;:&quot;false&quot;,&quot;hoteller_ext_is_smoove&quot;:&quot;false&quot;,&quot;hoteller_ext_is_parallax_mouse&quot;:&quot;false&quot;,&quot;hoteller_ext_is_infinite&quot;:&quot;false&quot;,&quot;hoteller_ext_is_fadeout_animation&quot;:&quot;false&quot;,&quot;hoteller_ext_mobile_static&quot;:&quot;false&quot;}\" data-widget_type=\"heading.default\">\n\t\t\t\t<div class=\"elementor-widget-container\">\n\t\t\t\t\t<h1 class=\"elementor-heading-title elementor-size-default\">En route...<\/h1>\t\t\t\t<\/div>\n\t\t\t\t<\/div>\n\t\t\t\t<div class=\"elementor-element elementor-element-cd6e922 elementor-invisible elementor-widget elementor-widget-text-editor\" data-id=\"cd6e922\" data-element_type=\"widget\" data-e-type=\"widget\" data-settings=\"{&quot;_animation&quot;:&quot;fadeIn&quot;,&quot;_animation_delay&quot;:100,&quot;hoteller_ext_link_sidemenu&quot;:&quot;false&quot;,&quot;hoteller_ext_link_fullmenu&quot;:&quot;false&quot;,&quot;hoteller_ext_link_closed_fullmenu&quot;:&quot;false&quot;,&quot;hoteller_ext_is_scrollme&quot;:&quot;false&quot;,&quot;hoteller_ext_is_smoove&quot;:&quot;false&quot;,&quot;hoteller_ext_is_parallax_mouse&quot;:&quot;false&quot;,&quot;hoteller_ext_is_infinite&quot;:&quot;false&quot;,&quot;hoteller_ext_is_fadeout_animation&quot;:&quot;false&quot;,&quot;hoteller_ext_mobile_static&quot;:&quot;false&quot;}\" data-widget_type=\"text-editor.default\">\n\t\t\t\t<div class=\"elementor-widget-container\">\n\t\t\t\t\t\t\t\t\t<p>Faire du v\u00e9lo en Ajoie est une merveilleuse fa\u00e7on d&rsquo;explorer les beaux paysages et les charmants villages de la r\u00e9gion. L&rsquo;Ajoie offre une grande vari\u00e9t\u00e9 de pistes cyclables qui conviennent aussi bien aux cyclistes exp\u00e9riment\u00e9s qu&rsquo;aux d\u00e9butants. Vous pouvez rouler le long des rivi\u00e8res et \u00e0 travers des paysages pittoresques, tout en profitant de l&rsquo;air frais et du calme de la nature. Il existe \u00e9galement quelques parcours plus escarp\u00e9s qui constituent un d\u00e9fi pour ceux qui aiment repousser leurs limites. Dans l&rsquo;ensemble, le v\u00e9lo en Ajoie est une excellente fa\u00e7on de d\u00e9couvrir la r\u00e9gion de mani\u00e8re \u00e9cologique et active.    <\/p>\n<p>Le chef-lieu de l&rsquo;Ajoie est Porrentruy, la deuxi\u00e8me ville du canton du Jura. L&rsquo;Ajoie s&rsquo;\u00e9tend sur une superficie d&rsquo;environ 300 km\u00b2, \u00e0 une altitude comprise entre 400 et 600 m. Elle se caract\u00e9rise par un paysage de type tabulaire jurassique, drain\u00e9 en majorit\u00e9 par l&rsquo;Allaine vers le Doubs. Cette vaste \u00e9tendue fertile aux sols calcaires est consid\u00e9r\u00e9e comme le verger du Jura et produit les prunes rampantes de la fameuse eau-de-vie de Damassine. L&rsquo;Ajoie offre diverses possibilit\u00e9s d&rsquo;excursions, comme les Grottes de R\u00e9cl\u00e8re, des traces de dinosaures, un parc pr\u00e9historique, le petit a\u00e9rodrome de Bressaucourt, des pistes cyclables et de magnifiques sentiers \u00e9questres.    <\/p>\n<p>Politiquement, l&rsquo;Ajoie se compose presque exclusivement du district de Porrentruy.<\/p>\n\t\t\t\t\t\t\t\t<\/div>\n\t\t\t\t<\/div>\n\t\t\t\t\t<\/div>\n\t\t<\/div>\n\t\t\t\t\t<\/div>\n\t\t<\/section>\n\t\t\t\t<section class=\"elementor-section elementor-top-section elementor-element elementor-element-0f3c136 elementor-section-boxed elementor-section-height-default elementor-section-height-default\" data-id=\"0f3c136\" data-element_type=\"section\" data-e-type=\"section\" data-settings=\"{&quot;hoteller_ext_is_background_parallax&quot;:&quot;false&quot;,&quot;hoteller_ext_is_background_on_scroll&quot;:&quot;false&quot;}\">\n\t\t\t\t\t\t<div class=\"elementor-container elementor-column-gap-default\">\n\t\t\t\t\t<div class=\"elementor-column elementor-col-100 elementor-top-column elementor-element elementor-element-c2a2659\" data-id=\"c2a2659\" data-element_type=\"column\" data-e-type=\"column\" data-settings=\"{&quot;hoteller_ext_link_sidemenu&quot;:&quot;false&quot;,&quot;hoteller_ext_link_fullmenu&quot;:&quot;false&quot;,&quot;hoteller_ext_link_closed_fullmenu&quot;:&quot;false&quot;,&quot;hoteller_ext_is_scrollme&quot;:&quot;false&quot;,&quot;hoteller_ext_is_smoove&quot;:&quot;false&quot;,&quot;hoteller_ext_is_parallax_mouse&quot;:&quot;false&quot;,&quot;hoteller_ext_is_infinite&quot;:&quot;false&quot;,&quot;hoteller_ext_is_fadeout_animation&quot;:&quot;false&quot;,&quot;hoteller_ext_mobile_static&quot;:&quot;false&quot;}\">\n\t\t\t<div class=\"elementor-widget-wrap elementor-element-populated\">\n\t\t\t\t\t\t<div class=\"elementor-element elementor-element-81543e0 gallery-spacing-custom elementor-widget__width-initial elementor-invisible elementor-widget elementor-widget-image-gallery\" data-id=\"81543e0\" data-element_type=\"widget\" data-e-type=\"widget\" data-settings=\"{&quot;_animation&quot;:&quot;rollIn&quot;,&quot;hoteller_ext_link_sidemenu&quot;:&quot;false&quot;,&quot;hoteller_ext_link_fullmenu&quot;:&quot;false&quot;,&quot;hoteller_ext_link_closed_fullmenu&quot;:&quot;false&quot;,&quot;hoteller_ext_is_scrollme&quot;:&quot;false&quot;,&quot;hoteller_ext_mobile_static&quot;:&quot;false&quot;}\" data-widget_type=\"image-gallery.default\">\n\t\t\t\t<div class=\"elementor-widget-container\">\n\t\t\t\t\t\t\t<div class=\"elementor-image-gallery\">\n\t\t\t\n\t\t<style type=\"text\/css\">\n\t\t\t#gallery-1 {\n\t\t\t\tmargin: auto;\n\t\t\t}\n\t\t\t#gallery-1 .gallery-item {\n\t\t\t\tfloat: left;\n\t\t\t\tmargin-top: 10px;\n\t\t\t\ttext-align: center;\n\t\t\t\twidth: 20%;\n\t\t\t}\n\t\t\t#gallery-1 img {\n\t\t\t\tborder: 2px solid #cfcfcf;\n\t\t\t}\n\t\t\t#gallery-1 .gallery-caption {\n\t\t\t\tmargin-left: 0;\n\t\t\t}\n\t\t\t\/* see gallery_shortcode() in wp-includes\/media.php *\/\n\t\t<\/style>\n\t\t<div id='gallery-1' class='gallery galleryid-4405 gallery-columns-5 gallery-size-1536x1536'><dl class='gallery-item'>\n\t\t\t<dt class='gallery-icon portrait'>\n\t\t\t\t<a data-elementor-open-lightbox=\"yes\" data-elementor-lightbox-slideshow=\"81543e0\" data-e-action-hash=\"#elementor-action%3Aaction%3Dlightbox%26settings%3DeyJpZCI6NDI3MSwidXJsIjoiaHR0cHM6XC9cL3ZpdnJlLWxhLXZpZS5jaFwvd3AtY29udGVudFwvdXBsb2Fkc1wvMjAyNFwvMDZcL0lNRy0yMDI0MDEyMi1XQTAwMjItMS5qcGciLCJzbGlkZXNob3ciOiI4MTU0M2UwIn0%3D\" href='https:\/\/vivre-la-vie.ch\/wp-content\/uploads\/2024\/06\/IMG-20240122-WA0022-1.jpg'><img fetchpriority=\"high\" decoding=\"async\" width=\"768\" height=\"1024\" src=\"https:\/\/vivre-la-vie.ch\/wp-content\/uploads\/2024\/06\/IMG-20240122-WA0022-1.jpg\" class=\"attachment-1536x1536 size-1536x1536\" alt=\"\" srcset=\"https:\/\/vivre-la-vie.ch\/wp-content\/uploads\/2024\/06\/IMG-20240122-WA0022-1.jpg 768w, https:\/\/vivre-la-vie.ch\/wp-content\/uploads\/2024\/06\/IMG-20240122-WA0022-1-225x300.jpg 225w, https:\/\/vivre-la-vie.ch\/wp-content\/uploads\/2024\/06\/IMG-20240122-WA0022-1-440x587.jpg 440w, https:\/\/vivre-la-vie.ch\/wp-content\/uploads\/2024\/06\/IMG-20240122-WA0022-1-600x800.jpg 600w\" sizes=\"(max-width: 768px) 100vw, 768px\" \/><\/a>\n\t\t\t<\/dt><\/dl><dl class='gallery-item'>\n\t\t\t<dt class='gallery-icon portrait'>\n\t\t\t\t<a data-elementor-open-lightbox=\"yes\" data-elementor-lightbox-slideshow=\"81543e0\" data-e-action-hash=\"#elementor-action%3Aaction%3Dlightbox%26settings%3DeyJpZCI6NDI3MywidXJsIjoiaHR0cHM6XC9cL3ZpdnJlLWxhLXZpZS5jaFwvd3AtY29udGVudFwvdXBsb2Fkc1wvMjAyNFwvMDZcL0lNRy0yMDI0MDEyMi1XQTAwMjcuanBnIiwic2xpZGVzaG93IjoiODE1NDNlMCJ9\" href='https:\/\/vivre-la-vie.ch\/wp-content\/uploads\/2024\/06\/IMG-20240122-WA0027.jpg'><img decoding=\"async\" width=\"768\" height=\"1024\" src=\"https:\/\/vivre-la-vie.ch\/wp-content\/uploads\/2024\/06\/IMG-20240122-WA0027.jpg\" class=\"attachment-1536x1536 size-1536x1536\" alt=\"\" srcset=\"https:\/\/vivre-la-vie.ch\/wp-content\/uploads\/2024\/06\/IMG-20240122-WA0027.jpg 768w, https:\/\/vivre-la-vie.ch\/wp-content\/uploads\/2024\/06\/IMG-20240122-WA0027-225x300.jpg 225w, https:\/\/vivre-la-vie.ch\/wp-content\/uploads\/2024\/06\/IMG-20240122-WA0027-440x587.jpg 440w, https:\/\/vivre-la-vie.ch\/wp-content\/uploads\/2024\/06\/IMG-20240122-WA0027-600x800.jpg 600w\" sizes=\"(max-width: 768px) 100vw, 768px\" \/><\/a>\n\t\t\t<\/dt><\/dl><dl class='gallery-item'>\n\t\t\t<dt class='gallery-icon portrait'>\n\t\t\t\t<a data-elementor-open-lightbox=\"yes\" data-elementor-lightbox-slideshow=\"81543e0\" data-e-action-hash=\"#elementor-action%3Aaction%3Dlightbox%26settings%3DeyJpZCI6NDI3NCwidXJsIjoiaHR0cHM6XC9cL3ZpdnJlLWxhLXZpZS5jaFwvd3AtY29udGVudFwvdXBsb2Fkc1wvMjAyNFwvMDZcL0lNRy0yMDI0MDEyMi1XQTAwMDUtMS5qcGciLCJzbGlkZXNob3ciOiI4MTU0M2UwIn0%3D\" href='https:\/\/vivre-la-vie.ch\/wp-content\/uploads\/2024\/06\/IMG-20240122-WA0005-1.jpg'><img decoding=\"async\" width=\"768\" height=\"1024\" src=\"https:\/\/vivre-la-vie.ch\/wp-content\/uploads\/2024\/06\/IMG-20240122-WA0005-1.jpg\" class=\"attachment-1536x1536 size-1536x1536\" alt=\"\" srcset=\"https:\/\/vivre-la-vie.ch\/wp-content\/uploads\/2024\/06\/IMG-20240122-WA0005-1.jpg 768w, https:\/\/vivre-la-vie.ch\/wp-content\/uploads\/2024\/06\/IMG-20240122-WA0005-1-225x300.jpg 225w, https:\/\/vivre-la-vie.ch\/wp-content\/uploads\/2024\/06\/IMG-20240122-WA0005-1-440x587.jpg 440w, https:\/\/vivre-la-vie.ch\/wp-content\/uploads\/2024\/06\/IMG-20240122-WA0005-1-600x800.jpg 600w\" sizes=\"(max-width: 768px) 100vw, 768px\" \/><\/a>\n\t\t\t<\/dt><\/dl><dl class='gallery-item'>\n\t\t\t<dt class='gallery-icon portrait'>\n\t\t\t\t<a data-elementor-open-lightbox=\"yes\" data-elementor-lightbox-slideshow=\"81543e0\" data-e-action-hash=\"#elementor-action%3Aaction%3Dlightbox%26settings%3DeyJpZCI6NDI3MCwidXJsIjoiaHR0cHM6XC9cL3ZpdnJlLWxhLXZpZS5jaFwvd3AtY29udGVudFwvdXBsb2Fkc1wvMjAyNFwvMDZcL0lNRy0yMDI0MDEyMi1XQTAwMDcuanBnIiwic2xpZGVzaG93IjoiODE1NDNlMCJ9\" href='https:\/\/vivre-la-vie.ch\/wp-content\/uploads\/2024\/06\/IMG-20240122-WA0007.jpg'><img loading=\"lazy\" decoding=\"async\" width=\"768\" height=\"1024\" src=\"https:\/\/vivre-la-vie.ch\/wp-content\/uploads\/2024\/06\/IMG-20240122-WA0007.jpg\" class=\"attachment-1536x1536 size-1536x1536\" alt=\"\" srcset=\"https:\/\/vivre-la-vie.ch\/wp-content\/uploads\/2024\/06\/IMG-20240122-WA0007.jpg 768w, https:\/\/vivre-la-vie.ch\/wp-content\/uploads\/2024\/06\/IMG-20240122-WA0007-225x300.jpg 225w, https:\/\/vivre-la-vie.ch\/wp-content\/uploads\/2024\/06\/IMG-20240122-WA0007-440x587.jpg 440w, https:\/\/vivre-la-vie.ch\/wp-content\/uploads\/2024\/06\/IMG-20240122-WA0007-600x800.jpg 600w\" sizes=\"(max-width: 768px) 100vw, 768px\" \/><\/a>\n\t\t\t<\/dt><\/dl><dl class='gallery-item'>\n\t\t\t<dt class='gallery-icon portrait'>\n\t\t\t\t<a data-elementor-open-lightbox=\"yes\" data-elementor-lightbox-slideshow=\"81543e0\" data-e-action-hash=\"#elementor-action%3Aaction%3Dlightbox%26settings%3DeyJpZCI6NDI3MiwidXJsIjoiaHR0cHM6XC9cL3ZpdnJlLWxhLXZpZS5jaFwvd3AtY29udGVudFwvdXBsb2Fkc1wvMjAyNFwvMDZcL0lNRy0yMDI0MDEyMi1XQTAwMjEuanBnIiwic2xpZGVzaG93IjoiODE1NDNlMCJ9\" href='https:\/\/vivre-la-vie.ch\/wp-content\/uploads\/2024\/06\/IMG-20240122-WA0021.jpg'><img loading=\"lazy\" decoding=\"async\" width=\"819\" height=\"1024\" src=\"https:\/\/vivre-la-vie.ch\/wp-content\/uploads\/2024\/06\/IMG-20240122-WA0021.jpg\" class=\"attachment-1536x1536 size-1536x1536\" alt=\"\" srcset=\"https:\/\/vivre-la-vie.ch\/wp-content\/uploads\/2024\/06\/IMG-20240122-WA0021.jpg 819w, https:\/\/vivre-la-vie.ch\/wp-content\/uploads\/2024\/06\/IMG-20240122-WA0021-240x300.jpg 240w, https:\/\/vivre-la-vie.ch\/wp-content\/uploads\/2024\/06\/IMG-20240122-WA0021-768x960.jpg 768w, https:\/\/vivre-la-vie.ch\/wp-content\/uploads\/2024\/06\/IMG-20240122-WA0021-440x550.jpg 440w, https:\/\/vivre-la-vie.ch\/wp-content\/uploads\/2024\/06\/IMG-20240122-WA0021-600x750.jpg 600w\" sizes=\"(max-width: 819px) 100vw, 819px\" \/><\/a>\n\t\t\t<\/dt><\/dl><br style=\"clear: both\" \/>\n\t\t<\/div>\n\t\t<\/div>\n\t\t\t\t\t\t<\/div>\n\t\t\t\t<\/div>\n\t\t\t\t<div class=\"elementor-element elementor-element-81ffb3e elementor-invisible elementor-widget elementor-widget-text-editor\" data-id=\"81ffb3e\" data-element_type=\"widget\" data-e-type=\"widget\" data-settings=\"{&quot;_animation&quot;:&quot;fadeIn&quot;,&quot;_animation_delay&quot;:100,&quot;hoteller_ext_link_sidemenu&quot;:&quot;false&quot;,&quot;hoteller_ext_link_fullmenu&quot;:&quot;false&quot;,&quot;hoteller_ext_link_closed_fullmenu&quot;:&quot;false&quot;,&quot;hoteller_ext_is_scrollme&quot;:&quot;false&quot;,&quot;hoteller_ext_is_smoove&quot;:&quot;false&quot;,&quot;hoteller_ext_is_parallax_mouse&quot;:&quot;false&quot;,&quot;hoteller_ext_is_infinite&quot;:&quot;false&quot;,&quot;hoteller_ext_is_fadeout_animation&quot;:&quot;false&quot;,&quot;hoteller_ext_mobile_static&quot;:&quot;false&quot;}\" data-widget_type=\"text-editor.default\">\n\t\t\t\t<div class=\"elementor-widget-container\">\n\t\t\t\t\t\t\t\t\t<h2 class=\"wp-block-heading\"><strong>Histoire<\/strong><\/h2>\n<p>L&rsquo;<em>Ajoie<\/em> est mentionn\u00e9e pour la premi\u00e8re fois dans un document datant de 732, lorsque le duc d&rsquo;Alsace c\u00e8de des terres <em>in pago Alsegaugensi<\/em> \u00e0 l&rsquo;abbaye de Murbach. La souverainet\u00e9 sur l&rsquo;Ajoie changea ensuite \u00e0 plusieurs reprises, jusqu&rsquo;\u00e0 ce qu&rsquo;elle tombe sous le pouvoir s\u00e9culier du prince-\u00e9v\u00eaque de B\u00e2le en 999. Sur le plan eccl\u00e9siastique, seule La Baroche appartient \u00e0 l&rsquo;\u00e9v\u00each\u00e9 de B\u00e2le jusqu&rsquo;en 1779, tandis que le reste de l&rsquo;Ajoie est rattach\u00e9 au dioc\u00e8se de Besan\u00e7on. La principaut\u00e9 \u00e9piscopale ayant connu des difficult\u00e9s financi\u00e8res au XIVe si\u00e8cle, la quasi-totalit\u00e9 de l&rsquo;Ajoie fut vendue en 1386 aux comtes de W\u00fcrttemberg-M\u00f6mpelgard (Montb\u00e9liard), mais rachet\u00e9e en 1461 par le prince-\u00e9v\u00eaque Jean V de Venningen. Lorsque d&rsquo;autres seigneuries et villages d&rsquo;Ajoie reviennent par la suite \u00e0 la principaut\u00e9 \u00e9piscopale, Roche-d&rsquo;Or en 1474, Rocourt en 1573, Mi\u00e9court et Beurnev\u00e9sin en 1625, l&rsquo;histoire de l&rsquo;Ajoie prend le m\u00eame cours que celle de la principaut\u00e9 \u00e9piscopale de B\u00e2le.    <\/p>\n\t\t\t\t\t\t\t\t<\/div>\n\t\t\t\t<\/div>\n\t\t\t\t\t<\/div>\n\t\t<\/div>\n\t\t\t\t\t<\/div>\n\t\t<\/section>\n\t\t\t\t<section class=\"elementor-section elementor-top-section elementor-element elementor-element-93b925d elementor-section-stretched elementor-section-height-min-height elementor-section-boxed elementor-section-height-default elementor-section-items-middle\" data-id=\"93b925d\" data-element_type=\"section\" data-e-type=\"section\" data-settings=\"{&quot;stretch_section&quot;:&quot;section-stretched&quot;,&quot;shape_divider_bottom&quot;:&quot;waves&quot;,&quot;hoteller_ext_is_background_parallax&quot;:&quot;false&quot;,&quot;hoteller_ext_is_background_on_scroll&quot;:&quot;false&quot;}\">\n\t\t\t\t\t<div class=\"elementor-shape elementor-shape-bottom\" aria-hidden=\"true\" data-negative=\"false\">\n\t\t\t<svg xmlns=\"http:\/\/www.w3.org\/2000\/svg\" viewBox=\"0 0 1000 100\" preserveAspectRatio=\"none\">\n\t<path class=\"elementor-shape-fill\" d=\"M421.9,6.5c22.6-2.5,51.5,0.4,75.5,5.3c23.6,4.9,70.9,23.5,100.5,35.7c75.8,32.2,133.7,44.5,192.6,49.7\n\tc23.6,2.1,48.7,3.5,103.4-2.5c54.7-6,106.2-25.6,106.2-25.6V0H0v30.3c0,0,72,32.6,158.4,30.5c39.2-0.7,92.8-6.7,134-22.4\n\tc21.2-8.1,52.2-18.2,79.7-24.2C399.3,7.9,411.6,7.5,421.9,6.5z\"\/>\n<\/svg>\t\t<\/div>\n\t\t\t\t\t<div class=\"elementor-container elementor-column-gap-default\">\n\t\t\t\t\t<div class=\"elementor-column elementor-col-50 elementor-top-column elementor-element elementor-element-124aa8b\" data-id=\"124aa8b\" data-element_type=\"column\" data-e-type=\"column\" data-settings=\"{&quot;hoteller_ext_link_sidemenu&quot;:&quot;false&quot;,&quot;hoteller_ext_link_fullmenu&quot;:&quot;false&quot;,&quot;hoteller_ext_link_closed_fullmenu&quot;:&quot;false&quot;,&quot;hoteller_ext_is_scrollme&quot;:&quot;false&quot;,&quot;hoteller_ext_is_smoove&quot;:&quot;false&quot;,&quot;hoteller_ext_is_parallax_mouse&quot;:&quot;false&quot;,&quot;hoteller_ext_is_infinite&quot;:&quot;false&quot;,&quot;hoteller_ext_is_fadeout_animation&quot;:&quot;false&quot;,&quot;hoteller_ext_mobile_static&quot;:&quot;false&quot;}\">\n\t\t\t<div class=\"elementor-widget-wrap\">\n\t\t\t\t\t\t\t<\/div>\n\t\t<\/div>\n\t\t\t\t<div class=\"elementor-column elementor-col-50 elementor-top-column elementor-element elementor-element-62e879b\" data-id=\"62e879b\" data-element_type=\"column\" data-e-type=\"column\" data-settings=\"{&quot;hoteller_ext_link_sidemenu&quot;:&quot;false&quot;,&quot;hoteller_ext_link_fullmenu&quot;:&quot;false&quot;,&quot;hoteller_ext_link_closed_fullmenu&quot;:&quot;false&quot;,&quot;hoteller_ext_is_scrollme&quot;:&quot;false&quot;,&quot;hoteller_ext_is_smoove&quot;:&quot;false&quot;,&quot;hoteller_ext_is_parallax_mouse&quot;:&quot;false&quot;,&quot;hoteller_ext_is_infinite&quot;:&quot;false&quot;,&quot;hoteller_ext_is_fadeout_animation&quot;:&quot;false&quot;,&quot;hoteller_ext_mobile_static&quot;:&quot;false&quot;}\">\n\t\t\t<div class=\"elementor-widget-wrap\">\n\t\t\t\t\t\t\t<\/div>\n\t\t<\/div>\n\t\t\t\t\t<\/div>\n\t\t<\/section>\n\t\t\t\t<\/div>\n\t\t","protected":false},"excerpt":{"rendered":"<p>En route&#8230; Faire du v\u00e9lo en Ajoie est une merveilleuse fa\u00e7on d&rsquo;explorer les beaux paysages et les charmants villages de la r\u00e9gion. L&rsquo;Ajoie offre une grande vari\u00e9t\u00e9 de pistes cyclables qui conviennent aussi bien aux cyclistes exp\u00e9riment\u00e9s qu&rsquo;aux d\u00e9butants. Vous [&hellip;]<\/p>\n","protected":false},"author":1,"featured_media":0,"parent":0,"menu_order":5,"comment_status":"closed","ping_status":"closed","template":"","meta":{"footnotes":""},"class_list":["post-4405","page","type-page","status-publish","hentry"],"yoast_head":"<!-- This site is optimized with the Yoast SEO plugin v27.5 - https:\/\/yoast.com\/product\/yoast-seo-wordpress\/ -->\n<title>En route... - Vivre-la-vie - Margrith Walther<\/title>\n<meta name=\"robots\" content=\"index, follow, max-snippet:-1, max-image-preview:large, max-video-preview:-1\" \/>\n<link rel=\"canonical\" href=\"https:\/\/vivre-la-vie.ch\/fr\/en-route\/\" \/>\n<meta property=\"og:locale\" content=\"fr_FR\" \/>\n<meta property=\"og:type\" content=\"article\" \/>\n<meta property=\"og:title\" content=\"En route... - Vivre-la-vie - Margrith Walther\" \/>\n<meta property=\"og:description\" content=\"En route&#8230; Faire du v\u00e9lo en Ajoie est une merveilleuse fa\u00e7on d&rsquo;explorer les beaux paysages et les charmants villages de la r\u00e9gion. L&rsquo;Ajoie offre une grande vari\u00e9t\u00e9 de pistes cyclables qui conviennent aussi bien aux cyclistes exp\u00e9riment\u00e9s qu&rsquo;aux d\u00e9butants. Vous [&hellip;]\" \/>\n<meta property=\"og:url\" content=\"https:\/\/vivre-la-vie.ch\/fr\/en-route\/\" \/>\n<meta property=\"og:site_name\" content=\"Vivre-la-vie - Margrith Walther\" \/>\n<meta property=\"article:modified_time\" content=\"2025-02-18T13:10:57+00:00\" \/>\n<meta property=\"og:image\" content=\"https:\/\/vivre-la-vie.ch\/wp-content\/uploads\/2024\/06\/IMG-20240122-WA0022-1.jpg\" \/>\n<meta name=\"twitter:card\" content=\"summary_large_image\" \/>\n<meta name=\"twitter:label1\" content=\"Dur\u00e9e de lecture estim\u00e9e\" \/>\n\t<meta name=\"twitter:data1\" content=\"2 minutes\" \/>\n<script type=\"application\/ld+json\" class=\"yoast-schema-graph\">{\"@context\":\"https:\\\/\\\/schema.org\",\"@graph\":[{\"@type\":\"WebPage\",\"@id\":\"https:\\\/\\\/vivre-la-vie.ch\\\/fr\\\/en-route\\\/\",\"url\":\"https:\\\/\\\/vivre-la-vie.ch\\\/fr\\\/en-route\\\/\",\"name\":\"En route... - Vivre-la-vie - Margrith Walther\",\"isPartOf\":{\"@id\":\"https:\\\/\\\/vivre-la-vie.ch\\\/fr\\\/#website\"},\"primaryImageOfPage\":{\"@id\":\"https:\\\/\\\/vivre-la-vie.ch\\\/fr\\\/en-route\\\/#primaryimage\"},\"image\":{\"@id\":\"https:\\\/\\\/vivre-la-vie.ch\\\/fr\\\/en-route\\\/#primaryimage\"},\"thumbnailUrl\":\"https:\\\/\\\/vivre-la-vie.ch\\\/wp-content\\\/uploads\\\/2024\\\/06\\\/IMG-20240122-WA0022-1.jpg\",\"datePublished\":\"2024-06-17T13:12:50+00:00\",\"dateModified\":\"2025-02-18T13:10:57+00:00\",\"breadcrumb\":{\"@id\":\"https:\\\/\\\/vivre-la-vie.ch\\\/fr\\\/en-route\\\/#breadcrumb\"},\"inLanguage\":\"fr-FR\",\"potentialAction\":[{\"@type\":\"ReadAction\",\"target\":[\"https:\\\/\\\/vivre-la-vie.ch\\\/fr\\\/en-route\\\/\"]}]},{\"@type\":\"ImageObject\",\"inLanguage\":\"fr-FR\",\"@id\":\"https:\\\/\\\/vivre-la-vie.ch\\\/fr\\\/en-route\\\/#primaryimage\",\"url\":\"https:\\\/\\\/vivre-la-vie.ch\\\/wp-content\\\/uploads\\\/2024\\\/06\\\/IMG-20240122-WA0022-1.jpg\",\"contentUrl\":\"https:\\\/\\\/vivre-la-vie.ch\\\/wp-content\\\/uploads\\\/2024\\\/06\\\/IMG-20240122-WA0022-1.jpg\"},{\"@type\":\"BreadcrumbList\",\"@id\":\"https:\\\/\\\/vivre-la-vie.ch\\\/fr\\\/en-route\\\/#breadcrumb\",\"itemListElement\":[{\"@type\":\"ListItem\",\"position\":1,\"name\":\"Startseite\",\"item\":\"https:\\\/\\\/vivre-la-vie.ch\\\/fr\\\/\"},{\"@type\":\"ListItem\",\"position\":2,\"name\":\"En route&#8230;\"}]},{\"@type\":\"WebSite\",\"@id\":\"https:\\\/\\\/vivre-la-vie.ch\\\/fr\\\/#website\",\"url\":\"https:\\\/\\\/vivre-la-vie.ch\\\/fr\\\/\",\"name\":\"Vivre-la-vie - Margrith Walther\",\"description\":\"Lebe Dein Leben\",\"potentialAction\":[{\"@type\":\"SearchAction\",\"target\":{\"@type\":\"EntryPoint\",\"urlTemplate\":\"https:\\\/\\\/vivre-la-vie.ch\\\/fr\\\/?s={search_term_string}\"},\"query-input\":{\"@type\":\"PropertyValueSpecification\",\"valueRequired\":true,\"valueName\":\"search_term_string\"}}],\"inLanguage\":\"fr-FR\"}]}<\/script>\n<!-- \/ Yoast SEO plugin. -->","yoast_head_json":{"title":"En route... - Vivre-la-vie - Margrith Walther","robots":{"index":"index","follow":"follow","max-snippet":"max-snippet:-1","max-image-preview":"max-image-preview:large","max-video-preview":"max-video-preview:-1"},"canonical":"https:\/\/vivre-la-vie.ch\/fr\/en-route\/","og_locale":"fr_FR","og_type":"article","og_title":"En route... - Vivre-la-vie - Margrith Walther","og_description":"En route&#8230; Faire du v\u00e9lo en Ajoie est une merveilleuse fa\u00e7on d&rsquo;explorer les beaux paysages et les charmants villages de la r\u00e9gion. L&rsquo;Ajoie offre une grande vari\u00e9t\u00e9 de pistes cyclables qui conviennent aussi bien aux cyclistes exp\u00e9riment\u00e9s qu&rsquo;aux d\u00e9butants. Vous [&hellip;]","og_url":"https:\/\/vivre-la-vie.ch\/fr\/en-route\/","og_site_name":"Vivre-la-vie - Margrith Walther","article_modified_time":"2025-02-18T13:10:57+00:00","og_image":[{"url":"https:\/\/vivre-la-vie.ch\/wp-content\/uploads\/2024\/06\/IMG-20240122-WA0022-1.jpg","type":"","width":"","height":""}],"twitter_card":"summary_large_image","twitter_misc":{"Dur\u00e9e de lecture estim\u00e9e":"2 minutes"},"schema":{"@context":"https:\/\/schema.org","@graph":[{"@type":"WebPage","@id":"https:\/\/vivre-la-vie.ch\/fr\/en-route\/","url":"https:\/\/vivre-la-vie.ch\/fr\/en-route\/","name":"En route... - Vivre-la-vie - Margrith Walther","isPartOf":{"@id":"https:\/\/vivre-la-vie.ch\/fr\/#website"},"primaryImageOfPage":{"@id":"https:\/\/vivre-la-vie.ch\/fr\/en-route\/#primaryimage"},"image":{"@id":"https:\/\/vivre-la-vie.ch\/fr\/en-route\/#primaryimage"},"thumbnailUrl":"https:\/\/vivre-la-vie.ch\/wp-content\/uploads\/2024\/06\/IMG-20240122-WA0022-1.jpg","datePublished":"2024-06-17T13:12:50+00:00","dateModified":"2025-02-18T13:10:57+00:00","breadcrumb":{"@id":"https:\/\/vivre-la-vie.ch\/fr\/en-route\/#breadcrumb"},"inLanguage":"fr-FR","potentialAction":[{"@type":"ReadAction","target":["https:\/\/vivre-la-vie.ch\/fr\/en-route\/"]}]},{"@type":"ImageObject","inLanguage":"fr-FR","@id":"https:\/\/vivre-la-vie.ch\/fr\/en-route\/#primaryimage","url":"https:\/\/vivre-la-vie.ch\/wp-content\/uploads\/2024\/06\/IMG-20240122-WA0022-1.jpg","contentUrl":"https:\/\/vivre-la-vie.ch\/wp-content\/uploads\/2024\/06\/IMG-20240122-WA0022-1.jpg"},{"@type":"BreadcrumbList","@id":"https:\/\/vivre-la-vie.ch\/fr\/en-route\/#breadcrumb","itemListElement":[{"@type":"ListItem","position":1,"name":"Startseite","item":"https:\/\/vivre-la-vie.ch\/fr\/"},{"@type":"ListItem","position":2,"name":"En route&#8230;"}]},{"@type":"WebSite","@id":"https:\/\/vivre-la-vie.ch\/fr\/#website","url":"https:\/\/vivre-la-vie.ch\/fr\/","name":"Vivre-la-vie - Margrith Walther","description":"Lebe Dein Leben","potentialAction":[{"@type":"SearchAction","target":{"@type":"EntryPoint","urlTemplate":"https:\/\/vivre-la-vie.ch\/fr\/?s={search_term_string}"},"query-input":{"@type":"PropertyValueSpecification","valueRequired":true,"valueName":"search_term_string"}}],"inLanguage":"fr-FR"}]}},"_links":{"self":[{"href":"https:\/\/vivre-la-vie.ch\/fr\/wp-json\/wp\/v2\/pages\/4405","targetHints":{"allow":["GET"]}}],"collection":[{"href":"https:\/\/vivre-la-vie.ch\/fr\/wp-json\/wp\/v2\/pages"}],"about":[{"href":"https:\/\/vivre-la-vie.ch\/fr\/wp-json\/wp\/v2\/types\/page"}],"author":[{"embeddable":true,"href":"https:\/\/vivre-la-vie.ch\/fr\/wp-json\/wp\/v2\/users\/1"}],"replies":[{"embeddable":true,"href":"https:\/\/vivre-la-vie.ch\/fr\/wp-json\/wp\/v2\/comments?post=4405"}],"version-history":[{"count":0,"href":"https:\/\/vivre-la-vie.ch\/fr\/wp-json\/wp\/v2\/pages\/4405\/revisions"}],"wp:attachment":[{"href":"https:\/\/vivre-la-vie.ch\/fr\/wp-json\/wp\/v2\/media?parent=4405"}],"curies":[{"name":"wp","href":"https:\/\/api.w.org\/{rel}","templated":true}]}}