{"id":766,"date":"2024-01-09T11:18:53","date_gmt":"2024-01-09T11:18:53","guid":{"rendered":"https:\/\/vivre-la-vie.ch\/?page_id=766"},"modified":"2024-01-29T18:56:38","modified_gmt":"2024-01-29T18:56:38","slug":"wissenswertes","status":"publish","type":"page","link":"https:\/\/vivre-la-vie.ch\/fr\/wissenswertes\/","title":{"rendered":"Bien-\u00eatre de l&rsquo;\u00e2me"},"content":{"rendered":"<div\n\t\tclass=\"free alignwide alignwide wp-block-ap-block-posts\"\tid='apbAdvancedPosts-1'\n\tdata-nonce='&quot;10ef8a80fa&quot;'\n\tdata-attributes='{&quot;cId&quot;:&quot;5d9d93b0-b&quot;,&quot;columns&quot;:{&quot;desktop&quot;:2,&quot;tablet&quot;:2,&quot;mobile&quot;:1},&quot;selectedCategories&quot;:[80],&quot;contentAlign&quot;:&quot;center&quot;,&quot;titleColor&quot;:&quot;rgba(86, 131, 8, 1)&quot;,&quot;isMeta&quot;:false,&quot;readMoreLabel&quot;:&quot;mehr...&quot;,&quot;align&quot;:&quot;wide&quot;,&quot;layout&quot;:&quot;&quot;,&quot;subLayout&quot;:&quot;default&quot;,&quot;columnGap&quot;:15,&quot;rowGap&quot;:15,&quot;isContentEqualHight&quot;:true,&quot;sliderHeight&quot;:&quot;350px&quot;,&quot;content&quot;:{&quot;height&quot;:&quot;auto&quot;},&quot;postType&quot;:&quot;post&quot;,&quot;queryPreset&quot;:&quot;&quot;,&quot;taxonomyRelation&quot;:&quot;AND&quot;,&quot;selectedTaxonomies&quot;:[],&quot;selectedTags&quot;:[],&quot;isPostsPerPageAll&quot;:false,&quot;postsPerPage&quot;:12,&quot;postsAuthors&quot;:[],&quot;postsOrderBy&quot;:&quot;date&quot;,&quot;postsOrder&quot;:&quot;desc&quot;,&quot;postsSearch&quot;:&quot;&quot;,&quot;postsOffset&quot;:0,&quot;postsInclude&quot;:[],&quot;postsExclude&quot;:[],&quot;isExcludeCurrent&quot;:false,&quot;isExcludeSticky&quot;:false,&quot;isPagination&quot;:false,&quot;paginationPrevLabel&quot;:&quot;Prev&quot;,&quot;paginationNextLabel&quot;:&quot;Next&quot;,&quot;paginationColors&quot;:{&quot;color&quot;:&quot;#fff&quot;,&quot;bg&quot;:&quot;#146EF5&quot;},&quot;paginationHovColors&quot;:{&quot;color&quot;:&quot;#fff&quot;,&quot;bg&quot;:&quot;#070127&quot;},&quot;paginationPadding&quot;:{&quot;vertical&quot;:&quot;8px&quot;,&quot;horizontal&quot;:&quot;15px&quot;},&quot;paginationSpacing&quot;:&quot;15px&quot;,&quot;loadMore&quot;:{&quot;type&quot;:&quot;&quot;,&quot;alignment&quot;:&quot;center&quot;,&quot;scrollTop&quot;:{&quot;enabled&quot;:false,&quot;offset&quot;:50},&quot;infinityScroll&quot;:{&quot;offset&quot;:-100,&quot;spinner&quot;:true,&quot;label&quot;:&quot;Loading...&quot;},&quot;button&quot;:{&quot;label&quot;:&quot;Load More&quot;}},&quot;contentBG&quot;:{&quot;color&quot;:&quot;&quot;},&quot;contentPadding&quot;:{&quot;vertical&quot;:&quot;20px&quot;,&quot;horizontal&quot;:&quot;25px&quot;},&quot;border&quot;:{&quot;width&quot;:&quot;1px&quot;,&quot;color&quot;:&quot;#0c0d3c1a&quot;,&quot;radius&quot;:&quot;5px&quot;},&quot;sliderIsLoop&quot;:true,&quot;sliderIsTouchMove&quot;:false,&quot;sliderIsAutoplay&quot;:true,&quot;sliderAutoplayOptions&quot;:{&quot;delay&quot;:1.5},&quot;sliderSpeed&quot;:1.5,&quot;sliderEffect&quot;:&quot;slide&quot;,&quot;sliderIsPage&quot;:true,&quot;sliderIsPageClickable&quot;:true,&quot;sliderIsPageDynamic&quot;:true,&quot;sliderPageColor&quot;:&quot;#146EF5&quot;,&quot;sliderPageWidth&quot;:&quot;15px&quot;,&quot;sliderPageHeight&quot;:&quot;15px&quot;,&quot;sliderPageBorder&quot;:{&quot;radius&quot;:&quot;50%&quot;},&quot;sliderIsPrevNext&quot;:true,&quot;sliderPrevNextColor&quot;:&quot;#146EF5&quot;,&quot;tickerDirection&quot;:&quot;up&quot;,&quot;tickerSpeed&quot;:&quot;slow&quot;,&quot;tickerInterval&quot;:2000,&quot;tickerHeight&quot;:&quot;0px&quot;,&quot;tickerVisible&quot;:3,&quot;tickerIsMousePause&quot;:true,&quot;newsTicker&quot;:{&quot;label&quot;:&quot;Trending Now&quot;,&quot;theme&quot;:&quot;theme1&quot;,&quot;type&quot;:&quot;vertical&quot;,&quot;direction&quot;:&quot;up&quot;,&quot;speed&quot;:3000,&quot;animation&quot;:&quot;slide&quot;,&quot;pauseOnHover&quot;:true},&quot;magazine&quot;:{&quot;subLayout&quot;:&quot;left-image&quot;,&quot;minHeight&quot;:{&quot;desktop&quot;:&quot;450px&quot;,&quot;tablet&quot;:&quot;400px&quot;,&quot;mobile&quot;:&quot;350px&quot;}},&quot;elementsSort&quot;:[&quot;title&quot;,&quot;meta&quot;],&quot;isFImg&quot;:true,&quot;fImgSize&quot;:&quot;full&quot;,&quot;fImgFitting&quot;:&quot;cover&quot;,&quot;isFImgLink&quot;:false,&quot;isTitle&quot;:true,&quot;isTitleLink&quot;:true,&quot;titleTypo&quot;:{&quot;fontFamily&quot;:&quot;Roboto&quot;,&quot;fontSize&quot;:{&quot;desktop&quot;:&quot;25px&quot;,&quot;tablet&quot;:&quot;22px&quot;,&quot;mobile&quot;:&quot;20px&quot;},&quot;googleFontLink&quot;:&quot;https:\\\/\\\/fonts.googleapis.com\\\/css2?family=Roboto&amp;display=swap&quot;},&quot;titleMargin&quot;:{&quot;side&quot;:4,&quot;bottom&quot;:&quot;15px&quot;},&quot;isMetaAuthor&quot;:true,&quot;isMetaAuthorLink&quot;:true,&quot;metaAuthorIcon&quot;:&quot;&quot;,&quot;isMetaDate&quot;:true,&quot;metaDateFormat&quot;:&quot;M j, Y&quot;,&quot;metaDateIcon&quot;:&quot;&quot;,&quot;isMetaCategory&quot;:true,&quot;metaCategoryIn&quot;:&quot;content&quot;,&quot;metaCategoryIcon&quot;:&quot;&quot;,&quot;metaTaxonomies&quot;:{&quot;selected&quot;:[]},&quot;isMetaReadTime&quot;:false,&quot;metaReadTimeIcon&quot;:&quot;&quot;,&quot;isMetaReadTimeSec&quot;:false,&quot;metaReadTimeLabel&quot;:&quot;Min read&quot;,&quot;isMetaComment&quot;:false,&quot;metaCommentIcon&quot;:&quot;&quot;,&quot;metaTypo&quot;:{&quot;fontSize&quot;:{&quot;desktop&quot;:&quot;13px&quot;},&quot;textTransform&quot;:&quot;uppercase&quot;},&quot;metaTextColor&quot;:&quot;&quot;,&quot;metaLinkColor&quot;:&quot;#146EF5&quot;,&quot;metaIconColor&quot;:&quot;&quot;,&quot;metaColorsOnImage&quot;:{&quot;color&quot;:&quot;#fff&quot;,&quot;bg&quot;:&quot;#146EF5&quot;},&quot;metaMargin&quot;:{&quot;side&quot;:4,&quot;bottom&quot;:&quot;15px&quot;},&quot;isExcerpt&quot;:true,&quot;isExcerptFromContent&quot;:false,&quot;isEllipsisOnExcerpt&quot;:false,&quot;excerptLength&quot;:25,&quot;excerptAlign&quot;:&quot;justify&quot;,&quot;excerptTypo&quot;:{&quot;fontSize&quot;:{&quot;desktop&quot;:&quot;15px&quot;}},&quot;excerptColor&quot;:&quot;&quot;,&quot;excerptMargin&quot;:{&quot;side&quot;:4,&quot;bottom&quot;:&quot;10px&quot;},&quot;isReadMore&quot;:true,&quot;readMorePosition&quot;:&quot;auto&quot;,&quot;isLinkNewTab&quot;:false,&quot;readMoreAlign&quot;:&quot;left&quot;,&quot;readMoreTypo&quot;:{&quot;fontSize&quot;:{&quot;desktop&quot;:&quot;14px&quot;},&quot;textTransform&quot;:&quot;uppercase&quot;,&quot;fontWeight&quot;:600},&quot;readMoreColors&quot;:{&quot;color&quot;:&quot;#fff&quot;,&quot;bg&quot;:&quot;#146EF5&quot;},&quot;readMoreHovColors&quot;:{&quot;color&quot;:&quot;#fff&quot;,&quot;bg&quot;:&quot;#FF7A00&quot;},&quot;readMorePadding&quot;:{&quot;vertical&quot;:&quot;12px&quot;,&quot;horizontal&quot;:&quot;35px&quot;},&quot;readMoreBorder&quot;:{&quot;radius&quot;:&quot;3px&quot;},&quot;currentPostId&quot;:766}'\n\tdata-extra='{&quot;totalPosts&quot;:7}'\n\tdata-pipecheck=''\n>\n\t\t\t\t<div class='apbLoadingPlaceholder' id='apbLoadingPlaceholder-2'>\n\t\t\t\t\t\t\t\t\t\t<div class='apbGridPosts columns-2 columns-tablet-2 columns-mobile-1'>\n\t\t\t\t\t\t\t<article class='apbPost'>\n\t\t\t<span class='apbLoadingItem apbThumb'><\/span>\n\t\t\t\n\t\t\t<div class='apbText'>\n\t\t\t\t<div class='apbTitle'>\n\t\t\t\t\t<span class='apbLoadingItem'><\/span>\n\t\t\t\t\t<span class='apbLoadingItem'><\/span>\n\t\t\t\t<\/div>\n\t\t\t\t<div class='apbMeta'>\n\t\t\t\t\t<span class='apbLoadingItem'><\/span>\n\t\t\t\t<\/div>\n\t\t\t\t<div class='apbExcerpt'>\n\t\t\t\t\t<span class='apbLoadingItem'><\/span>\n\t\t\t\t\t<span class='apbLoadingItem'><\/span>\n\t\t\t\t\t<span class='apbLoadingItem'><\/span>\n\t\t\t\t\t<span class='apbLoadingItem'><\/span>\n\t\t\t\t<\/div>\n\t\t\t\t<div class='apbReadMore'>\n\t\t\t\t\t<span class='apbLoadingItem'><\/span>\n\t\t\t\t<\/div>\n\t\t\t<\/div>\n\t\t<\/article><article class='apbPost'>\n\t\t\t<span class='apbLoadingItem apbThumb'><\/span>\n\t\t\t\n\t\t\t<div class='apbText'>\n\t\t\t\t<div class='apbTitle'>\n\t\t\t\t\t<span class='apbLoadingItem'><\/span>\n\t\t\t\t\t<span class='apbLoadingItem'><\/span>\n\t\t\t\t<\/div>\n\t\t\t\t<div class='apbMeta'>\n\t\t\t\t\t<span class='apbLoadingItem'><\/span>\n\t\t\t\t<\/div>\n\t\t\t\t<div class='apbExcerpt'>\n\t\t\t\t\t<span class='apbLoadingItem'><\/span>\n\t\t\t\t\t<span class='apbLoadingItem'><\/span>\n\t\t\t\t\t<span class='apbLoadingItem'><\/span>\n\t\t\t\t\t<span class='apbLoadingItem'><\/span>\n\t\t\t\t<\/div>\n\t\t\t\t<div class='apbReadMore'>\n\t\t\t\t\t<span class='apbLoadingItem'><\/span>\n\t\t\t\t<\/div>\n\t\t\t<\/div>\n\t\t<\/article><article class='apbPost'>\n\t\t\t<span class='apbLoadingItem apbThumb'><\/span>\n\t\t\t\n\t\t\t<div class='apbText'>\n\t\t\t\t<div class='apbTitle'>\n\t\t\t\t\t<span class='apbLoadingItem'><\/span>\n\t\t\t\t\t<span class='apbLoadingItem'><\/span>\n\t\t\t\t<\/div>\n\t\t\t\t<div class='apbMeta'>\n\t\t\t\t\t<span class='apbLoadingItem'><\/span>\n\t\t\t\t<\/div>\n\t\t\t\t<div class='apbExcerpt'>\n\t\t\t\t\t<span class='apbLoadingItem'><\/span>\n\t\t\t\t\t<span class='apbLoadingItem'><\/span>\n\t\t\t\t\t<span class='apbLoadingItem'><\/span>\n\t\t\t\t\t<span class='apbLoadingItem'><\/span>\n\t\t\t\t<\/div>\n\t\t\t\t<div class='apbReadMore'>\n\t\t\t\t\t<span class='apbLoadingItem'><\/span>\n\t\t\t\t<\/div>\n\t\t\t<\/div>\n\t\t<\/article><article class='apbPost'>\n\t\t\t<span class='apbLoadingItem apbThumb'><\/span>\n\t\t\t\n\t\t\t<div class='apbText'>\n\t\t\t\t<div class='apbTitle'>\n\t\t\t\t\t<span class='apbLoadingItem'><\/span>\n\t\t\t\t\t<span class='apbLoadingItem'><\/span>\n\t\t\t\t<\/div>\n\t\t\t\t<div class='apbMeta'>\n\t\t\t\t\t<span class='apbLoadingItem'><\/span>\n\t\t\t\t<\/div>\n\t\t\t\t<div class='apbExcerpt'>\n\t\t\t\t\t<span class='apbLoadingItem'><\/span>\n\t\t\t\t\t<span class='apbLoadingItem'><\/span>\n\t\t\t\t\t<span class='apbLoadingItem'><\/span>\n\t\t\t\t\t<span class='apbLoadingItem'><\/span>\n\t\t\t\t<\/div>\n\t\t\t\t<div class='apbReadMore'>\n\t\t\t\t\t<span class='apbLoadingItem'><\/span>\n\t\t\t\t<\/div>\n\t\t\t<\/div>\n\t\t<\/article><article class='apbPost'>\n\t\t\t<span class='apbLoadingItem apbThumb'><\/span>\n\t\t\t\n\t\t\t<div class='apbText'>\n\t\t\t\t<div class='apbTitle'>\n\t\t\t\t\t<span class='apbLoadingItem'><\/span>\n\t\t\t\t\t<span class='apbLoadingItem'><\/span>\n\t\t\t\t<\/div>\n\t\t\t\t<div class='apbMeta'>\n\t\t\t\t\t<span class='apbLoadingItem'><\/span>\n\t\t\t\t<\/div>\n\t\t\t\t<div class='apbExcerpt'>\n\t\t\t\t\t<span class='apbLoadingItem'><\/span>\n\t\t\t\t\t<span class='apbLoadingItem'><\/span>\n\t\t\t\t\t<span class='apbLoadingItem'><\/span>\n\t\t\t\t\t<span class='apbLoadingItem'><\/span>\n\t\t\t\t<\/div>\n\t\t\t\t<div class='apbReadMore'>\n\t\t\t\t\t<span class='apbLoadingItem'><\/span>\n\t\t\t\t<\/div>\n\t\t\t<\/div>\n\t\t<\/article><article class='apbPost'>\n\t\t\t<span class='apbLoadingItem apbThumb'><\/span>\n\t\t\t\n\t\t\t<div class='apbText'>\n\t\t\t\t<div class='apbTitle'>\n\t\t\t\t\t<span class='apbLoadingItem'><\/span>\n\t\t\t\t\t<span class='apbLoadingItem'><\/span>\n\t\t\t\t<\/div>\n\t\t\t\t<div class='apbMeta'>\n\t\t\t\t\t<span class='apbLoadingItem'><\/span>\n\t\t\t\t<\/div>\n\t\t\t\t<div class='apbExcerpt'>\n\t\t\t\t\t<span class='apbLoadingItem'><\/span>\n\t\t\t\t\t<span class='apbLoadingItem'><\/span>\n\t\t\t\t\t<span class='apbLoadingItem'><\/span>\n\t\t\t\t\t<span class='apbLoadingItem'><\/span>\n\t\t\t\t<\/div>\n\t\t\t\t<div class='apbReadMore'>\n\t\t\t\t\t<span class='apbLoadingItem'><\/span>\n\t\t\t\t<\/div>\n\t\t\t<\/div>\n\t\t<\/article><article class='apbPost'>\n\t\t\t<span class='apbLoadingItem apbThumb'><\/span>\n\t\t\t\n\t\t\t<div class='apbText'>\n\t\t\t\t<div class='apbTitle'>\n\t\t\t\t\t<span class='apbLoadingItem'><\/span>\n\t\t\t\t\t<span class='apbLoadingItem'><\/span>\n\t\t\t\t<\/div>\n\t\t\t\t<div class='apbMeta'>\n\t\t\t\t\t<span class='apbLoadingItem'><\/span>\n\t\t\t\t<\/div>\n\t\t\t\t<div class='apbExcerpt'>\n\t\t\t\t\t<span class='apbLoadingItem'><\/span>\n\t\t\t\t\t<span class='apbLoadingItem'><\/span>\n\t\t\t\t\t<span class='apbLoadingItem'><\/span>\n\t\t\t\t\t<span class='apbLoadingItem'><\/span>\n\t\t\t\t<\/div>\n\t\t\t\t<div class='apbReadMore'>\n\t\t\t\t\t<span class='apbLoadingItem'><\/span>\n\t\t\t\t<\/div>\n\t\t\t<\/div>\n\t\t<\/article>\t\t\t\t\t\t<\/div>\n\t\t\t\t\t\t\t\t<\/div>\n\t\t<\/div>","protected":false},"excerpt":{"rendered":"","protected":false},"author":1,"featured_media":0,"parent":0,"menu_order":0,"comment_status":"closed","ping_status":"closed","template":"template-full-width-page.php","meta":{"footnotes":""},"class_list":["post-766","page","type-page","status-publish","hentry"],"yoast_head":"<!-- This site is optimized with the Yoast SEO plugin v27.5 - https:\/\/yoast.com\/product\/yoast-seo-wordpress\/ -->\n<title>Bien-\u00eatre de l&#039;\u00e2me - Lebe Dein Leben<\/title>\n<meta name=\"description\" content=\"Bien-\u00eatre de l&#039;\u00e2me Lebe Dein Leben\" \/>\n<meta name=\"robots\" content=\"index, follow, max-snippet:-1, max-image-preview:large, max-video-preview:-1\" \/>\n<link rel=\"canonical\" href=\"https:\/\/vivre-la-vie.ch\/fr\/wissenswertes\/\" \/>\n<meta property=\"og:locale\" content=\"fr_FR\" \/>\n<meta property=\"og:type\" content=\"article\" \/>\n<meta property=\"og:title\" content=\"Bien-\u00eatre de l&#039;\u00e2me - Lebe Dein Leben\" \/>\n<meta property=\"og:description\" content=\"Bien-\u00eatre de l&#039;\u00e2me Lebe Dein Leben\" \/>\n<meta property=\"og:url\" content=\"https:\/\/vivre-la-vie.ch\/fr\/wissenswertes\/\" \/>\n<meta property=\"og:site_name\" content=\"Lebe Dein Leben\" \/>\n<meta property=\"article:modified_time\" content=\"2024-01-29T18:56:38+00:00\" \/>\n<meta name=\"twitter:card\" content=\"summary_large_image\" \/>\n<script type=\"application\/ld+json\" class=\"yoast-schema-graph\">{\"@context\":\"https:\\\/\\\/schema.org\",\"@graph\":[{\"@type\":\"WebPage\",\"@id\":\"https:\\\/\\\/vivre-la-vie.ch\\\/fr\\\/wissenswertes\\\/\",\"url\":\"https:\\\/\\\/vivre-la-vie.ch\\\/fr\\\/wissenswertes\\\/\",\"name\":\"Bien-\u00eatre de l'\u00e2me - Lebe Dein Leben\",\"isPartOf\":{\"@id\":\"https:\\\/\\\/vivre-la-vie.ch\\\/fr\\\/#website\"},\"datePublished\":\"2024-01-09T11:18:53+00:00\",\"dateModified\":\"2024-01-29T18:56:38+00:00\",\"description\":\"Bien-\u00eatre de l'\u00e2me Lebe Dein Leben\",\"breadcrumb\":{\"@id\":\"https:\\\/\\\/vivre-la-vie.ch\\\/fr\\\/wissenswertes\\\/#breadcrumb\"},\"inLanguage\":\"fr-FR\",\"potentialAction\":[{\"@type\":\"ReadAction\",\"target\":[\"https:\\\/\\\/vivre-la-vie.ch\\\/fr\\\/wissenswertes\\\/\"]}]},{\"@type\":\"BreadcrumbList\",\"@id\":\"https:\\\/\\\/vivre-la-vie.ch\\\/fr\\\/wissenswertes\\\/#breadcrumb\",\"itemListElement\":[{\"@type\":\"ListItem\",\"position\":1,\"name\":\"Startseite\",\"item\":\"https:\\\/\\\/vivre-la-vie.ch\\\/fr\\\/\"},{\"@type\":\"ListItem\",\"position\":2,\"name\":\"Bien-\u00eatre de l&#8217;\u00e2me\"}]},{\"@type\":\"WebSite\",\"@id\":\"https:\\\/\\\/vivre-la-vie.ch\\\/fr\\\/#website\",\"url\":\"https:\\\/\\\/vivre-la-vie.ch\\\/fr\\\/\",\"name\":\"Lebe Dein Leben\",\"description\":\"\",\"publisher\":{\"@id\":\"https:\\\/\\\/vivre-la-vie.ch\\\/fr\\\/#organization\"},\"potentialAction\":[{\"@type\":\"SearchAction\",\"target\":{\"@type\":\"EntryPoint\",\"urlTemplate\":\"https:\\\/\\\/vivre-la-vie.ch\\\/fr\\\/?s={search_term_string}\"},\"query-input\":{\"@type\":\"PropertyValueSpecification\",\"valueRequired\":true,\"valueName\":\"search_term_string\"}}],\"inLanguage\":\"fr-FR\"},{\"@type\":\"Organization\",\"@id\":\"https:\\\/\\\/vivre-la-vie.ch\\\/fr\\\/#organization\",\"name\":\"Lebe Dein Leben\",\"url\":\"https:\\\/\\\/vivre-la-vie.ch\\\/fr\\\/\",\"logo\":{\"@type\":\"ImageObject\",\"inLanguage\":\"fr-FR\",\"@id\":\"https:\\\/\\\/vivre-la-vie.ch\\\/fr\\\/#\\\/schema\\\/logo\\\/image\\\/\",\"url\":\"https:\\\/\\\/vivre-la-vie.ch\\\/wp-content\\\/uploads\\\/2023\\\/05\\\/LOGO_gefaerbt.png\",\"contentUrl\":\"https:\\\/\\\/vivre-la-vie.ch\\\/wp-content\\\/uploads\\\/2023\\\/05\\\/LOGO_gefaerbt.png\",\"width\":2745,\"height\":738,\"caption\":\"Lebe Dein Leben\"},\"image\":{\"@id\":\"https:\\\/\\\/vivre-la-vie.ch\\\/fr\\\/#\\\/schema\\\/logo\\\/image\\\/\"}}]}<\/script>\n<!-- \/ Yoast SEO plugin. -->","yoast_head_json":{"title":"Bien-\u00eatre de l'\u00e2me - Lebe Dein Leben","description":"Bien-\u00eatre de l'\u00e2me Lebe Dein Leben","robots":{"index":"index","follow":"follow","max-snippet":"max-snippet:-1","max-image-preview":"max-image-preview:large","max-video-preview":"max-video-preview:-1"},"canonical":"https:\/\/vivre-la-vie.ch\/fr\/wissenswertes\/","og_locale":"fr_FR","og_type":"article","og_title":"Bien-\u00eatre de l'\u00e2me - Lebe Dein Leben","og_description":"Bien-\u00eatre de l'\u00e2me Lebe Dein Leben","og_url":"https:\/\/vivre-la-vie.ch\/fr\/wissenswertes\/","og_site_name":"Lebe Dein Leben","article_modified_time":"2024-01-29T18:56:38+00:00","twitter_card":"summary_large_image","schema":{"@context":"https:\/\/schema.org","@graph":[{"@type":"WebPage","@id":"https:\/\/vivre-la-vie.ch\/fr\/wissenswertes\/","url":"https:\/\/vivre-la-vie.ch\/fr\/wissenswertes\/","name":"Bien-\u00eatre de l'\u00e2me - Lebe Dein Leben","isPartOf":{"@id":"https:\/\/vivre-la-vie.ch\/fr\/#website"},"datePublished":"2024-01-09T11:18:53+00:00","dateModified":"2024-01-29T18:56:38+00:00","description":"Bien-\u00eatre de l'\u00e2me Lebe Dein Leben","breadcrumb":{"@id":"https:\/\/vivre-la-vie.ch\/fr\/wissenswertes\/#breadcrumb"},"inLanguage":"fr-FR","potentialAction":[{"@type":"ReadAction","target":["https:\/\/vivre-la-vie.ch\/fr\/wissenswertes\/"]}]},{"@type":"BreadcrumbList","@id":"https:\/\/vivre-la-vie.ch\/fr\/wissenswertes\/#breadcrumb","itemListElement":[{"@type":"ListItem","position":1,"name":"Startseite","item":"https:\/\/vivre-la-vie.ch\/fr\/"},{"@type":"ListItem","position":2,"name":"Bien-\u00eatre de l&#8217;\u00e2me"}]},{"@type":"WebSite","@id":"https:\/\/vivre-la-vie.ch\/fr\/#website","url":"https:\/\/vivre-la-vie.ch\/fr\/","name":"Lebe Dein Leben","description":"","publisher":{"@id":"https:\/\/vivre-la-vie.ch\/fr\/#organization"},"potentialAction":[{"@type":"SearchAction","target":{"@type":"EntryPoint","urlTemplate":"https:\/\/vivre-la-vie.ch\/fr\/?s={search_term_string}"},"query-input":{"@type":"PropertyValueSpecification","valueRequired":true,"valueName":"search_term_string"}}],"inLanguage":"fr-FR"},{"@type":"Organization","@id":"https:\/\/vivre-la-vie.ch\/fr\/#organization","name":"Lebe Dein Leben","url":"https:\/\/vivre-la-vie.ch\/fr\/","logo":{"@type":"ImageObject","inLanguage":"fr-FR","@id":"https:\/\/vivre-la-vie.ch\/fr\/#\/schema\/logo\/image\/","url":"https:\/\/vivre-la-vie.ch\/wp-content\/uploads\/2023\/05\/LOGO_gefaerbt.png","contentUrl":"https:\/\/vivre-la-vie.ch\/wp-content\/uploads\/2023\/05\/LOGO_gefaerbt.png","width":2745,"height":738,"caption":"Lebe Dein Leben"},"image":{"@id":"https:\/\/vivre-la-vie.ch\/fr\/#\/schema\/logo\/image\/"}}]}},"_links":{"self":[{"href":"https:\/\/vivre-la-vie.ch\/fr\/wp-json\/wp\/v2\/pages\/766","targetHints":{"allow":["GET"]}}],"collection":[{"href":"https:\/\/vivre-la-vie.ch\/fr\/wp-json\/wp\/v2\/pages"}],"about":[{"href":"https:\/\/vivre-la-vie.ch\/fr\/wp-json\/wp\/v2\/types\/page"}],"author":[{"embeddable":true,"href":"https:\/\/vivre-la-vie.ch\/fr\/wp-json\/wp\/v2\/users\/1"}],"replies":[{"embeddable":true,"href":"https:\/\/vivre-la-vie.ch\/fr\/wp-json\/wp\/v2\/comments?post=766"}],"version-history":[{"count":6,"href":"https:\/\/vivre-la-vie.ch\/fr\/wp-json\/wp\/v2\/pages\/766\/revisions"}],"predecessor-version":[{"id":1045,"href":"https:\/\/vivre-la-vie.ch\/fr\/wp-json\/wp\/v2\/pages\/766\/revisions\/1045"}],"wp:attachment":[{"href":"https:\/\/vivre-la-vie.ch\/fr\/wp-json\/wp\/v2\/media?parent=766"}],"curies":[{"name":"wp","href":"https:\/\/api.w.org\/{rel}","templated":true}]}}